{"id":861,"date":"2014-11-20T04:36:25","date_gmt":"2014-11-20T04:36:25","guid":{"rendered":"http:\/\/www.designforgetest.biz\/soscranes\/?page_id=861"},"modified":"2025-04-27T22:03:43","modified_gmt":"2025-04-28T05:03:43","slug":"gallery","status":"publish","type":"page","link":"https:\/\/soscranes.org\/es\/gallery\/","title":{"rendered":"Galer\u00eda"},"content":{"rendered":"<div class=\"wpb-content-wrapper\"><div class=\"vc_row wpb_row vc_row-fluid\"><div class=\"wpb_column vc_column_container vc_col-sm-12\"><div class=\"vc_column-inner\"><div class=\"wpb_wrapper\"><h1 style=\"color: #B13A4C;text-align: left\" class=\"vc_custom_heading default\">Galer\u00eda<\/h1><\/div><\/div><\/div><\/div><div class=\"vc_row wpb_row vc_row-fluid\"><div class=\"wpb_column vc_column_container vc_col-sm-4\"><div class=\"vc_column-inner\"><div class=\"wpb_wrapper\"><section class=\"vc_cta3-container\"><div class=\"vc_general vc_do_cta3 vc_cta3 vc_cta3-style-classic vc_cta3-shape-rounded vc_cta3-align-left vc_cta3-color-mulled-wine vc_cta3-icon-size-md vc_cta3-actions-bottom\"><div class=\"vc_cta3_content-container\"><div class=\"vc_cta3-content\"><header class=\"vc_cta3-content-header\"><h2 style=\"color: #000000;text-align: left\" class=\"vc_custom_heading default\"><a href=\"https:\/\/soscranes.org\/es\/gallery\/photography\/\" title=\"La fotograf\u00eda\">Sandhill Crane Fotograf\u00eda<\/a><\/h2><\/header><p><img loading=\"lazy\" decoding=\"async\" class=\"aligncenter wp-image-1093 size-medium\" src=\"https:\/\/soscranes.org\/wp-content\/uploads\/2014\/12\/sandhill_crane_octobermorn_5913_4x6l_lores-300x199.jpg\" alt=\"\" width=\"300\" height=\"199\" srcset=\"https:\/\/soscranes.org\/wp-content\/uploads\/2014\/12\/sandhill_crane_octobermorn_5913_4x6l_lores-300x199.jpg 300w, https:\/\/soscranes.org\/wp-content\/uploads\/2014\/12\/sandhill_crane_octobermorn_5913_4x6l_lores-1024x682.jpg 1024w, https:\/\/soscranes.org\/wp-content\/uploads\/2014\/12\/sandhill_crane_octobermorn_5913_4x6l_lores.jpg 1800w\" sizes=\"auto, (max-width: 300px) 100vw, 300px\" \/>Tenemos una creciente biblioteca de la fenomenal Sandhill Crane im\u00e1genes de fot\u00f3grafos locales que amablemente han compartido su trabajo.<\/p>\n<\/div><div class=\"vc_cta3-actions\"><div class=\"vc_btn3-container vc_btn3-inline vc_do_btn\" ><a class=\"vc_general vc_btn3 vc_btn3-size-md vc_btn3-shape-rounded vc_btn3-style-modern vc_btn3-color-mulled-wine\" href=\"https:\/\/soscranes.org\/es\/gallery\/photography\/\" title=\"La fotograf\u00eda\">Vista De Sandhill Crane Fotograf\u00eda<\/a><\/div><\/div><\/div><\/div><\/section><\/div><\/div><\/div><div class=\"wpb_column vc_column_container vc_col-sm-4\"><div class=\"vc_column-inner\"><div class=\"wpb_wrapper\"><section class=\"vc_cta3-container\"><div class=\"vc_general vc_do_cta3 vc_cta3 vc_cta3-style-classic vc_cta3-shape-rounded vc_cta3-align-left vc_cta3-color-mulled-wine vc_cta3-icon-size-md vc_cta3-actions-bottom\"><div class=\"vc_cta3_content-container\"><div class=\"vc_cta3-content\"><header class=\"vc_cta3-content-header\"><h2 style=\"color: #000000;text-align: left\" class=\"vc_custom_heading default\"><a href=\"https:\/\/soscranes.org\/es\/gallery\/artwork\/\" title=\"Obras de arte\">Sandhill Crane Obras De Arte<\/a><\/h2><\/header><p><img loading=\"lazy\" decoding=\"async\" class=\"aligncenter wp-image-980 size-medium\" src=\"https:\/\/soscranes.org\/wp-content\/uploads\/2014\/11\/V-Espinoza-Crane-235x300.jpg\" alt=\"\" width=\"235\" height=\"300\" srcset=\"https:\/\/soscranes.org\/wp-content\/uploads\/2014\/11\/V-Espinoza-Crane-235x300.jpg 235w, https:\/\/soscranes.org\/wp-content\/uploads\/2014\/11\/V-Espinoza-Crane.jpg 500w\" sizes=\"auto, (max-width: 235px) 100vw, 235px\" \/>Grulla inspirar a muchos, incluyendo a artistas locales en el Valle de Sacramento.<\/p>\n<\/div><div class=\"vc_cta3-actions\"><div class=\"vc_btn3-container vc_btn3-inline vc_do_btn\" ><a class=\"vc_general vc_btn3 vc_btn3-size-md vc_btn3-shape-rounded vc_btn3-style-modern vc_btn3-color-mulled-wine\" href=\"https:\/\/soscranes.org\/es\/gallery\/artwork\/\" title=\"La fotograf\u00eda\">Apreciar Sandhill Crane Obras De Arte<\/a><\/div><\/div><\/div><\/div><\/section><\/div><\/div><\/div><div class=\"wpb_column vc_column_container vc_col-sm-4\"><div class=\"vc_column-inner\"><div class=\"wpb_wrapper\"><section class=\"vc_cta3-container\"><div class=\"vc_general vc_do_cta3 vc_cta3 vc_cta3-style-classic vc_cta3-shape-rounded vc_cta3-align-left vc_cta3-color-mulled-wine vc_cta3-icon-size-md vc_cta3-actions-bottom\"><div class=\"vc_cta3_content-container\"><div class=\"vc_cta3-content\"><header class=\"vc_cta3-content-header\"><h2 style=\"color: #000000;text-align: left\" class=\"vc_custom_heading default\"><a href=\"https:\/\/soscranes.org\/es\/gallery\/video-audio\/\" title=\"De V\u00eddeo Y Audio\">Sandhill Crane De V\u00eddeo Y Audio<\/a><\/h2><\/header><p><img loading=\"lazy\" decoding=\"async\" class=\"aligncenter wp-image-805 size-medium\" src=\"https:\/\/soscranes.org\/wp-content\/uploads\/2014\/08\/sandhill-crane-image-for-quote-2-300x300.jpg\" alt=\"\" width=\"300\" height=\"300\" srcset=\"https:\/\/soscranes.org\/wp-content\/uploads\/2014\/08\/sandhill-crane-image-for-quote-2-300x300.jpg 300w, https:\/\/soscranes.org\/wp-content\/uploads\/2014\/08\/sandhill-crane-image-for-quote-2-150x150.jpg 150w, https:\/\/soscranes.org\/wp-content\/uploads\/2014\/08\/sandhill-crane-image-for-quote-2.jpg 614w, https:\/\/soscranes.org\/wp-content\/uploads\/2014\/08\/sandhill-crane-image-for-quote-2-350x350.jpg 350w, https:\/\/soscranes.org\/wp-content\/uploads\/2014\/08\/sandhill-crane-image-for-quote-2-80x80.jpg 80w, https:\/\/soscranes.org\/wp-content\/uploads\/2014\/08\/sandhill-crane-image-for-quote-2-90x90.jpg 90w\" sizes=\"auto, (max-width: 300px) 100vw, 300px\" \/>Tenemos la suerte de tener de v\u00eddeo y de audio de la grulla, capturado por la afici\u00f3n local.<\/p>\n<\/div><div class=\"vc_cta3-actions\"><div class=\"vc_btn3-container vc_btn3-inline vc_do_btn\" ><a class=\"vc_general vc_btn3 vc_btn3-size-md vc_btn3-shape-rounded vc_btn3-style-modern vc_btn3-color-mulled-wine\" href=\"https:\/\/soscranes.org\/es\/gallery\/video-audio\/\" title=\"La fotograf\u00eda\">Ver y Escuchar a la grulla<\/a><\/div><\/div><\/div><\/div><\/section><\/div><\/div><\/div><\/div><div class=\"vc_row wpb_row vc_row-fluid\"><div class=\"wpb_column vc_column_container vc_col-sm-12\"><div class=\"vc_column-inner\"><div class=\"wpb_wrapper\">\n\t<div class=\"wpb_text_column wpb_content_element\" >\n\t\t<div class=\"wpb_wrapper\">\n\t\t\t<p>Si te gustar\u00eda contribuir a la SOS Gr\u00faas de la galer\u00eda, por favor <strong><a href=\"https:\/\/soscranes.org\/es\/contact-us\/\">P\u00f3ngase En Contacto Con Nosotros<\/a><\/strong>.<\/p>\n\n\t\t<\/div>\n\t<\/div>\n<\/div><\/div><\/div><\/div>\n<\/div>","protected":false},"excerpt":{"rendered":"GallerySandhill Crane PhotographyWe have an ever-growing library of phenomenal Sandhill Crane images from local photographers who have kindly shared their work. View Sandhill Crane PhotographySandhill Crane ArtworkSandhill Cranes inspire many, including artists local to the Sacramento Valley. Appreciate Sandhill Crane ArtworkSandhill Crane Video &amp; AudioWe are fortunate to have video and audio of the Sandhill [...]","protected":false},"author":1,"featured_media":0,"parent":0,"menu_order":6,"comment_status":"closed","ping_status":"closed","template":"","meta":{"footnotes":""},"class_list":["post-861","page","type-page","status-publish","hentry","clearfix"],"yoast_head":"<!-- This site is optimized with the Yoast SEO plugin v27.6 - https:\/\/yoast.com\/product\/yoast-seo-wordpress\/ -->\n<title>Gallery - SOS Cranes<\/title>\n<meta name=\"robots\" content=\"index, follow, max-snippet:-1, max-image-preview:large, max-video-preview:-1\" \/>\n<link rel=\"canonical\" href=\"https:\/\/soscranes.org\/es\/gallery\/\" \/>\n<meta property=\"og:locale\" content=\"es_MX\" \/>\n<meta property=\"og:type\" content=\"article\" \/>\n<meta property=\"og:title\" content=\"Gallery - SOS Cranes\" \/>\n<meta property=\"og:url\" content=\"https:\/\/soscranes.org\/es\/gallery\/\" \/>\n<meta property=\"og:site_name\" content=\"SOS Cranes\" \/>\n<meta property=\"article:publisher\" content=\"https:\/\/www.facebook.com\/soscranes\/\" \/>\n<meta property=\"article:modified_time\" content=\"2025-04-28T05:03:43+00:00\" \/>\n<meta name=\"twitter:card\" content=\"summary_large_image\" \/>\n<meta name=\"twitter:label1\" content=\"Tiempo de lectura\" \/>\n\t<meta name=\"twitter:data1\" content=\"2 minutos\" \/>\n<script type=\"application\/ld+json\" class=\"yoast-schema-graph\">{\"@context\":\"https:\\\/\\\/schema.org\",\"@graph\":[{\"@type\":\"WebPage\",\"@id\":\"https:\\\/\\\/soscranes.org\\\/gallery\\\/\",\"url\":\"https:\\\/\\\/soscranes.org\\\/gallery\\\/\",\"name\":\"Gallery - SOS Cranes\",\"isPartOf\":{\"@id\":\"https:\\\/\\\/soscranes.org\\\/#website\"},\"primaryImageOfPage\":{\"@id\":\"https:\\\/\\\/soscranes.org\\\/gallery\\\/#primaryimage\"},\"image\":{\"@id\":\"https:\\\/\\\/soscranes.org\\\/gallery\\\/#primaryimage\"},\"thumbnailUrl\":\"https:\\\/\\\/soscranes.org\\\/wp-content\\\/uploads\\\/2014\\\/12\\\/sandhill_crane_octobermorn_5913_4x6l_lores-300x199.jpg\",\"datePublished\":\"2014-11-20T04:36:25+00:00\",\"dateModified\":\"2025-04-28T05:03:43+00:00\",\"breadcrumb\":{\"@id\":\"https:\\\/\\\/soscranes.org\\\/gallery\\\/#breadcrumb\"},\"inLanguage\":\"es\",\"potentialAction\":[{\"@type\":\"ReadAction\",\"target\":[\"https:\\\/\\\/soscranes.org\\\/gallery\\\/\"]}]},{\"@type\":\"ImageObject\",\"inLanguage\":\"es\",\"@id\":\"https:\\\/\\\/soscranes.org\\\/gallery\\\/#primaryimage\",\"url\":\"https:\\\/\\\/soscranes.org\\\/wp-content\\\/uploads\\\/2014\\\/12\\\/sandhill_crane_octobermorn_5913_4x6l_lores-300x199.jpg\",\"contentUrl\":\"https:\\\/\\\/soscranes.org\\\/wp-content\\\/uploads\\\/2014\\\/12\\\/sandhill_crane_octobermorn_5913_4x6l_lores-300x199.jpg\"},{\"@type\":\"BreadcrumbList\",\"@id\":\"https:\\\/\\\/soscranes.org\\\/gallery\\\/#breadcrumb\",\"itemListElement\":[{\"@type\":\"ListItem\",\"position\":1,\"name\":\"Home\",\"item\":\"https:\\\/\\\/soscranes.org\\\/\"},{\"@type\":\"ListItem\",\"position\":2,\"name\":\"Gallery\"}]},{\"@type\":\"WebSite\",\"@id\":\"https:\\\/\\\/soscranes.org\\\/#website\",\"url\":\"https:\\\/\\\/soscranes.org\\\/\",\"name\":\"SOS Cranes\",\"description\":\"Save Our Sandhill Cranes\",\"publisher\":{\"@id\":\"https:\\\/\\\/soscranes.org\\\/#organization\"},\"potentialAction\":[{\"@type\":\"SearchAction\",\"target\":{\"@type\":\"EntryPoint\",\"urlTemplate\":\"https:\\\/\\\/soscranes.org\\\/?s={search_term_string}\"},\"query-input\":{\"@type\":\"PropertyValueSpecification\",\"valueRequired\":true,\"valueName\":\"search_term_string\"}}],\"inLanguage\":\"es\"},{\"@type\":\"Organization\",\"@id\":\"https:\\\/\\\/soscranes.org\\\/#organization\",\"name\":\"SOS Cranes\",\"url\":\"https:\\\/\\\/soscranes.org\\\/\",\"logo\":{\"@type\":\"ImageObject\",\"inLanguage\":\"es\",\"@id\":\"https:\\\/\\\/soscranes.org\\\/#\\\/schema\\\/logo\\\/image\\\/\",\"url\":\"https:\\\/\\\/soscranes.org\\\/wp-content\\\/uploads\\\/2014\\\/11\\\/SOS-Cranes-logo.png\",\"contentUrl\":\"https:\\\/\\\/soscranes.org\\\/wp-content\\\/uploads\\\/2014\\\/11\\\/SOS-Cranes-logo.png\",\"width\":138,\"height\":138,\"caption\":\"SOS Cranes\"},\"image\":{\"@id\":\"https:\\\/\\\/soscranes.org\\\/#\\\/schema\\\/logo\\\/image\\\/\"},\"sameAs\":[\"https:\\\/\\\/www.facebook.com\\\/soscranes\\\/\"]}]}<\/script>\n<!-- \/ Yoast SEO plugin. -->","yoast_head_json":{"title":"Gallery - SOS Cranes","robots":{"index":"index","follow":"follow","max-snippet":"max-snippet:-1","max-image-preview":"max-image-preview:large","max-video-preview":"max-video-preview:-1"},"canonical":"https:\/\/soscranes.org\/es\/gallery\/","og_locale":"es_MX","og_type":"article","og_title":"Gallery - SOS Cranes","og_url":"https:\/\/soscranes.org\/es\/gallery\/","og_site_name":"SOS Cranes","article_publisher":"https:\/\/www.facebook.com\/soscranes\/","article_modified_time":"2025-04-28T05:03:43+00:00","twitter_card":"summary_large_image","twitter_misc":{"Tiempo de lectura":"2 minutos"},"schema":{"@context":"https:\/\/schema.org","@graph":[{"@type":"WebPage","@id":"https:\/\/soscranes.org\/gallery\/","url":"https:\/\/soscranes.org\/gallery\/","name":"Gallery - SOS Cranes","isPartOf":{"@id":"https:\/\/soscranes.org\/#website"},"primaryImageOfPage":{"@id":"https:\/\/soscranes.org\/gallery\/#primaryimage"},"image":{"@id":"https:\/\/soscranes.org\/gallery\/#primaryimage"},"thumbnailUrl":"https:\/\/soscranes.org\/wp-content\/uploads\/2014\/12\/sandhill_crane_octobermorn_5913_4x6l_lores-300x199.jpg","datePublished":"2014-11-20T04:36:25+00:00","dateModified":"2025-04-28T05:03:43+00:00","breadcrumb":{"@id":"https:\/\/soscranes.org\/gallery\/#breadcrumb"},"inLanguage":"es","potentialAction":[{"@type":"ReadAction","target":["https:\/\/soscranes.org\/gallery\/"]}]},{"@type":"ImageObject","inLanguage":"es","@id":"https:\/\/soscranes.org\/gallery\/#primaryimage","url":"https:\/\/soscranes.org\/wp-content\/uploads\/2014\/12\/sandhill_crane_octobermorn_5913_4x6l_lores-300x199.jpg","contentUrl":"https:\/\/soscranes.org\/wp-content\/uploads\/2014\/12\/sandhill_crane_octobermorn_5913_4x6l_lores-300x199.jpg"},{"@type":"BreadcrumbList","@id":"https:\/\/soscranes.org\/gallery\/#breadcrumb","itemListElement":[{"@type":"ListItem","position":1,"name":"Home","item":"https:\/\/soscranes.org\/"},{"@type":"ListItem","position":2,"name":"Gallery"}]},{"@type":"WebSite","@id":"https:\/\/soscranes.org\/#website","url":"https:\/\/soscranes.org\/","name":"SOS Gr\u00faas","description":"Save Our Sandhill Cranes","publisher":{"@id":"https:\/\/soscranes.org\/#organization"},"potentialAction":[{"@type":"SearchAction","target":{"@type":"EntryPoint","urlTemplate":"https:\/\/soscranes.org\/?s={search_term_string}"},"query-input":{"@type":"PropertyValueSpecification","valueRequired":true,"valueName":"search_term_string"}}],"inLanguage":"es"},{"@type":"Organization","@id":"https:\/\/soscranes.org\/#organization","name":"SOS Gr\u00faas","url":"https:\/\/soscranes.org\/","logo":{"@type":"ImageObject","inLanguage":"es","@id":"https:\/\/soscranes.org\/#\/schema\/logo\/image\/","url":"https:\/\/soscranes.org\/wp-content\/uploads\/2014\/11\/SOS-Cranes-logo.png","contentUrl":"https:\/\/soscranes.org\/wp-content\/uploads\/2014\/11\/SOS-Cranes-logo.png","width":138,"height":138,"caption":"SOS Cranes"},"image":{"@id":"https:\/\/soscranes.org\/#\/schema\/logo\/image\/"},"sameAs":["https:\/\/www.facebook.com\/soscranes\/"]}]}},"_links":{"self":[{"href":"https:\/\/soscranes.org\/es\/wp-json\/wp\/v2\/pages\/861","targetHints":{"allow":["GET"]}}],"collection":[{"href":"https:\/\/soscranes.org\/es\/wp-json\/wp\/v2\/pages"}],"about":[{"href":"https:\/\/soscranes.org\/es\/wp-json\/wp\/v2\/types\/page"}],"author":[{"embeddable":true,"href":"https:\/\/soscranes.org\/es\/wp-json\/wp\/v2\/users\/1"}],"replies":[{"embeddable":true,"href":"https:\/\/soscranes.org\/es\/wp-json\/wp\/v2\/comments?post=861"}],"version-history":[{"count":12,"href":"https:\/\/soscranes.org\/es\/wp-json\/wp\/v2\/pages\/861\/revisions"}],"predecessor-version":[{"id":2593,"href":"https:\/\/soscranes.org\/es\/wp-json\/wp\/v2\/pages\/861\/revisions\/2593"}],"wp:attachment":[{"href":"https:\/\/soscranes.org\/es\/wp-json\/wp\/v2\/media?parent=861"}],"curies":[{"name":"wp","href":"https:\/\/api.w.org\/{rel}","templated":true}]}}