{"id":859,"date":"2014-11-20T04:35:38","date_gmt":"2014-11-20T04:35:38","guid":{"rendered":"http:\/\/www.designforgetest.biz\/soscranes\/?page_id=859"},"modified":"2025-04-25T17:40:07","modified_gmt":"2025-04-26T00:40:07","slug":"volunteer","status":"publish","type":"page","link":"https:\/\/soscranes.org\/es\/how-can-i-help\/volunteer\/","title":{"rendered":"Voluntarios"},"content":{"rendered":"<div class=\"wpb-content-wrapper\"><div class=\"vc_row wpb_row vc_row-fluid\"><div class=\"wpb_column vc_column_container vc_col-sm-12\"><div class=\"vc_column-inner\"><div class=\"wpb_wrapper\"><div class=\"vc_row wpb_row vc_inner vc_row-fluid\"><div class=\"wpb_column vc_column_container vc_col-sm-12\"><div class=\"vc_column-inner\"><div class=\"wpb_wrapper\"><h1 style=\"color: #B13A4C;text-align: left\" class=\"vc_custom_heading default\">Voluntarios<\/h1><\/div><\/div><\/div><\/div><\/div><\/div><\/div><\/div><div class=\"vc_row wpb_row vc_row-fluid\"><div class=\"wpb_column vc_column_container vc_col-sm-12\"><div class=\"vc_column-inner\"><div class=\"wpb_wrapper\">\n\t<div class=\"wpb_text_column wpb_content_element\" >\n\t\t<div class=\"wpb_wrapper\">\n\t\t\t<h2>Involucrarse con Sandhill Crane Educaci\u00f3n<\/h2>\n<p>El Departamento de pesca y vida Silvestre invita a los potenciales nuevos voluntarios para la entrevista de tren y docentes para el popular Sandhill Crane de los Humedales programa de la Gira, que se realiza durante los meses de invierno en el <a href=\"http:\/\/www.dfg.ca.gov\/lands\/er\/region3\/woodbridge.html\" target=\"_blank\" rel=\"noopener\">Woodbridge Reserva Ecol\u00f3gica<\/a> en Lodi.<\/p>\n<p>Cualquier miembro del p\u00fablico con una pasi\u00f3n para la conservaci\u00f3n, un deseo de aprender m\u00e1s sobre la invernada de aves acu\u00e1ticas de la ruta migratoria occidental, y una pasi\u00f3n para la observaci\u00f3n de aves y de trabajo con la gente deber\u00eda considerar la posibilidad de firmar para arriba para una entrevista y la formaci\u00f3n. La formaci\u00f3n es gratuita para todos los participantes, y el p\u00e1jaro de visualizaci\u00f3n tiene posibilidades ilimitadas.<\/p>\n<p>Futuros docentes deben ser capaces de voluntarios de uno o dos d\u00edas al mes en s\u00e1bado o en domingo, durante los meses de octubre a febrero. Los tours se llevan a cabo en equipos de tres docentes y est\u00e1n programadas para comenzar una hora antes de la puesta del sol. Los recorridos un poco m\u00e1s de dos horas de duraci\u00f3n. Tours de viento de abajo, cerca de finales de febrero, cuando la grulla, cisnes, gansos y otras aves vuelan hacia el norte para reproducirse y criar a sus familias.<\/p>\n<p>Un docente de aplicaci\u00f3n pueden ser obtenidos mediante el env\u00edo de un correo electr\u00f3nico a <a href=\"mailto:kkellogg-campbell@dfg.ca.gov\" target=\"_blank\" rel=\"noopener\"><strong>kkellogg-campbell@dfg.ca.gov<\/strong><\/a> o llamando a <strong>(209) 948-7708<\/strong>. Las solicitudes se llevar\u00e1 a cabo durante los meses de enero y principios de febrero.<\/p>\n<p>Aprender m\u00e1s acerca de la Sandhill Crane de los Humedales Tours en l\u00ednea en: <a href=\"http:\/\/dfg.ca.gov\/regions\/3\/cranetour\" target=\"_blank\" rel=\"noopener\">dfg.ca.gov\/regions\/3\/cranetour<\/a>.<\/p>\n\n\t\t<\/div>\n\t<\/div>\n<\/div><\/div><\/div><\/div>\n<\/div>","protected":false},"excerpt":{"rendered":"Volunteer Get Involved with Sandhill Crane Education The California Department of Fish &amp; Wildlife\u00a0invites potential new volunteers to interview and train as docents for the popular Sandhill Crane Wetland Tour program, conducted during the winter months at the Woodbridge Ecological Reserve in Lodi. Any member of the public with a passion for conservation, a desire [...]","protected":false},"author":1,"featured_media":0,"parent":847,"menu_order":1,"comment_status":"closed","ping_status":"closed","template":"","meta":{"footnotes":""},"class_list":["post-859","page","type-page","status-publish","hentry","clearfix"],"yoast_head":"<!-- This site is optimized with the Yoast SEO plugin v27.6 - https:\/\/yoast.com\/product\/yoast-seo-wordpress\/ -->\n<title>Volunteer - SOS Cranes<\/title>\n<meta name=\"robots\" content=\"index, follow, max-snippet:-1, max-image-preview:large, max-video-preview:-1\" \/>\n<link rel=\"canonical\" href=\"https:\/\/soscranes.org\/es\/how-can-i-help\/volunteer\/\" \/>\n<meta property=\"og:locale\" content=\"es_MX\" \/>\n<meta property=\"og:type\" content=\"article\" \/>\n<meta property=\"og:title\" content=\"Volunteer - SOS Cranes\" \/>\n<meta property=\"og:url\" content=\"https:\/\/soscranes.org\/es\/how-can-i-help\/volunteer\/\" \/>\n<meta property=\"og:site_name\" content=\"SOS Cranes\" \/>\n<meta property=\"article:publisher\" content=\"https:\/\/www.facebook.com\/soscranes\/\" \/>\n<meta property=\"article:modified_time\" content=\"2025-04-26T00:40:07+00:00\" \/>\n<meta name=\"twitter:card\" content=\"summary_large_image\" \/>\n<meta name=\"twitter:label1\" content=\"Tiempo de lectura\" \/>\n\t<meta name=\"twitter:data1\" content=\"1 minuto\" \/>\n<script type=\"application\/ld+json\" class=\"yoast-schema-graph\">{\"@context\":\"https:\\\/\\\/schema.org\",\"@graph\":[{\"@type\":\"WebPage\",\"@id\":\"https:\\\/\\\/soscranes.org\\\/how-can-i-help\\\/volunteer\\\/\",\"url\":\"https:\\\/\\\/soscranes.org\\\/how-can-i-help\\\/volunteer\\\/\",\"name\":\"Volunteer - SOS Cranes\",\"isPartOf\":{\"@id\":\"https:\\\/\\\/soscranes.org\\\/#website\"},\"datePublished\":\"2014-11-20T04:35:38+00:00\",\"dateModified\":\"2025-04-26T00:40:07+00:00\",\"breadcrumb\":{\"@id\":\"https:\\\/\\\/soscranes.org\\\/how-can-i-help\\\/volunteer\\\/#breadcrumb\"},\"inLanguage\":\"es\",\"potentialAction\":[{\"@type\":\"ReadAction\",\"target\":[\"https:\\\/\\\/soscranes.org\\\/how-can-i-help\\\/volunteer\\\/\"]}]},{\"@type\":\"BreadcrumbList\",\"@id\":\"https:\\\/\\\/soscranes.org\\\/how-can-i-help\\\/volunteer\\\/#breadcrumb\",\"itemListElement\":[{\"@type\":\"ListItem\",\"position\":1,\"name\":\"Home\",\"item\":\"https:\\\/\\\/soscranes.org\\\/\"},{\"@type\":\"ListItem\",\"position\":2,\"name\":\"How Can I Help\",\"item\":\"https:\\\/\\\/soscranes.org\\\/how-can-i-help\\\/\"},{\"@type\":\"ListItem\",\"position\":3,\"name\":\"Volunteer\"}]},{\"@type\":\"WebSite\",\"@id\":\"https:\\\/\\\/soscranes.org\\\/#website\",\"url\":\"https:\\\/\\\/soscranes.org\\\/\",\"name\":\"SOS Cranes\",\"description\":\"Save Our Sandhill Cranes\",\"publisher\":{\"@id\":\"https:\\\/\\\/soscranes.org\\\/#organization\"},\"potentialAction\":[{\"@type\":\"SearchAction\",\"target\":{\"@type\":\"EntryPoint\",\"urlTemplate\":\"https:\\\/\\\/soscranes.org\\\/?s={search_term_string}\"},\"query-input\":{\"@type\":\"PropertyValueSpecification\",\"valueRequired\":true,\"valueName\":\"search_term_string\"}}],\"inLanguage\":\"es\"},{\"@type\":\"Organization\",\"@id\":\"https:\\\/\\\/soscranes.org\\\/#organization\",\"name\":\"SOS Cranes\",\"url\":\"https:\\\/\\\/soscranes.org\\\/\",\"logo\":{\"@type\":\"ImageObject\",\"inLanguage\":\"es\",\"@id\":\"https:\\\/\\\/soscranes.org\\\/#\\\/schema\\\/logo\\\/image\\\/\",\"url\":\"https:\\\/\\\/soscranes.org\\\/wp-content\\\/uploads\\\/2014\\\/11\\\/SOS-Cranes-logo.png\",\"contentUrl\":\"https:\\\/\\\/soscranes.org\\\/wp-content\\\/uploads\\\/2014\\\/11\\\/SOS-Cranes-logo.png\",\"width\":138,\"height\":138,\"caption\":\"SOS Cranes\"},\"image\":{\"@id\":\"https:\\\/\\\/soscranes.org\\\/#\\\/schema\\\/logo\\\/image\\\/\"},\"sameAs\":[\"https:\\\/\\\/www.facebook.com\\\/soscranes\\\/\"]}]}<\/script>\n<!-- \/ Yoast SEO plugin. -->","yoast_head_json":{"title":"Volunteer - SOS Cranes","robots":{"index":"index","follow":"follow","max-snippet":"max-snippet:-1","max-image-preview":"max-image-preview:large","max-video-preview":"max-video-preview:-1"},"canonical":"https:\/\/soscranes.org\/es\/how-can-i-help\/volunteer\/","og_locale":"es_MX","og_type":"article","og_title":"Volunteer - SOS Cranes","og_url":"https:\/\/soscranes.org\/es\/how-can-i-help\/volunteer\/","og_site_name":"SOS Cranes","article_publisher":"https:\/\/www.facebook.com\/soscranes\/","article_modified_time":"2025-04-26T00:40:07+00:00","twitter_card":"summary_large_image","twitter_misc":{"Tiempo de lectura":"1 minuto"},"schema":{"@context":"https:\/\/schema.org","@graph":[{"@type":"WebPage","@id":"https:\/\/soscranes.org\/how-can-i-help\/volunteer\/","url":"https:\/\/soscranes.org\/how-can-i-help\/volunteer\/","name":"Volunteer - SOS Cranes","isPartOf":{"@id":"https:\/\/soscranes.org\/#website"},"datePublished":"2014-11-20T04:35:38+00:00","dateModified":"2025-04-26T00:40:07+00:00","breadcrumb":{"@id":"https:\/\/soscranes.org\/how-can-i-help\/volunteer\/#breadcrumb"},"inLanguage":"es","potentialAction":[{"@type":"ReadAction","target":["https:\/\/soscranes.org\/how-can-i-help\/volunteer\/"]}]},{"@type":"BreadcrumbList","@id":"https:\/\/soscranes.org\/how-can-i-help\/volunteer\/#breadcrumb","itemListElement":[{"@type":"ListItem","position":1,"name":"Home","item":"https:\/\/soscranes.org\/"},{"@type":"ListItem","position":2,"name":"How Can I Help","item":"https:\/\/soscranes.org\/how-can-i-help\/"},{"@type":"ListItem","position":3,"name":"Volunteer"}]},{"@type":"WebSite","@id":"https:\/\/soscranes.org\/#website","url":"https:\/\/soscranes.org\/","name":"SOS Gr\u00faas","description":"Save Our Sandhill Cranes","publisher":{"@id":"https:\/\/soscranes.org\/#organization"},"potentialAction":[{"@type":"SearchAction","target":{"@type":"EntryPoint","urlTemplate":"https:\/\/soscranes.org\/?s={search_term_string}"},"query-input":{"@type":"PropertyValueSpecification","valueRequired":true,"valueName":"search_term_string"}}],"inLanguage":"es"},{"@type":"Organization","@id":"https:\/\/soscranes.org\/#organization","name":"SOS Gr\u00faas","url":"https:\/\/soscranes.org\/","logo":{"@type":"ImageObject","inLanguage":"es","@id":"https:\/\/soscranes.org\/#\/schema\/logo\/image\/","url":"https:\/\/soscranes.org\/wp-content\/uploads\/2014\/11\/SOS-Cranes-logo.png","contentUrl":"https:\/\/soscranes.org\/wp-content\/uploads\/2014\/11\/SOS-Cranes-logo.png","width":138,"height":138,"caption":"SOS Cranes"},"image":{"@id":"https:\/\/soscranes.org\/#\/schema\/logo\/image\/"},"sameAs":["https:\/\/www.facebook.com\/soscranes\/"]}]}},"_links":{"self":[{"href":"https:\/\/soscranes.org\/es\/wp-json\/wp\/v2\/pages\/859","targetHints":{"allow":["GET"]}}],"collection":[{"href":"https:\/\/soscranes.org\/es\/wp-json\/wp\/v2\/pages"}],"about":[{"href":"https:\/\/soscranes.org\/es\/wp-json\/wp\/v2\/types\/page"}],"author":[{"embeddable":true,"href":"https:\/\/soscranes.org\/es\/wp-json\/wp\/v2\/users\/1"}],"replies":[{"embeddable":true,"href":"https:\/\/soscranes.org\/es\/wp-json\/wp\/v2\/comments?post=859"}],"version-history":[{"count":5,"href":"https:\/\/soscranes.org\/es\/wp-json\/wp\/v2\/pages\/859\/revisions"}],"predecessor-version":[{"id":2566,"href":"https:\/\/soscranes.org\/es\/wp-json\/wp\/v2\/pages\/859\/revisions\/2566"}],"up":[{"embeddable":true,"href":"https:\/\/soscranes.org\/es\/wp-json\/wp\/v2\/pages\/847"}],"wp:attachment":[{"href":"https:\/\/soscranes.org\/es\/wp-json\/wp\/v2\/media?parent=859"}],"curies":[{"name":"wp","href":"https:\/\/api.w.org\/{rel}","templated":true}]}}