{"id":853,"date":"2014-11-20T04:32:48","date_gmt":"2014-11-20T04:32:48","guid":{"rendered":"http:\/\/www.designforgetest.biz\/soscranes\/?page_id=853"},"modified":"2025-04-25T17:41:02","modified_gmt":"2025-04-26T00:41:02","slug":"donate","status":"publish","type":"page","link":"https:\/\/soscranes.org\/es\/how-can-i-help\/donate\/","title":{"rendered":"Donar"},"content":{"rendered":"<div class=\"wpb-content-wrapper\"><div class=\"vc_row wpb_row vc_row-fluid\"><div class=\"wpb_column vc_column_container vc_col-sm-12\"><div class=\"vc_column-inner\"><div class=\"wpb_wrapper\"><h1 style=\"color: #B13A4C;text-align: left\" class=\"vc_custom_heading default\">Donar<\/h1><\/div><\/div><\/div><\/div><div class=\"vc_row wpb_row vc_row-fluid\"><div class=\"wpb_column vc_column_container vc_col-sm-12\"><div class=\"vc_column-inner\"><div class=\"wpb_wrapper\">\n\t<div class=\"wpb_text_column wpb_content_element\" >\n\t\t<div class=\"wpb_wrapper\">\n\t\t\t<p>El \u00e9xito de SOS Gr\u00faas es posible \u00fanicamente a trav\u00e9s del generoso apoyo de nuestros miembros y los donantes. Donante de regalos para ayudar a proteger nuestros grulla y garantizar que las futuras generaciones puedan disfrutar de su belleza a trav\u00e9s del mantenimiento de su h\u00e1bitat natural.<\/p>\n<p>SOS Gr\u00faas acepta donaciones a trav\u00e9s de <strong><a href=\"https:\/\/rally.org\" target=\"_blank\" rel=\"noopener\">Rally.org<\/a><\/strong>. Rally.org forma segura de los procesos de las donaciones y los lleva directamente a nosotros. Usted puede encontrar nuestra p\u00e1gina en\u00a0<strong><a href=\"https:\/\/rally.org\/soscranes\" target=\"_blank\" rel=\"noopener\">https:\/\/rally.org\/soscranes<\/a><\/strong>. Cualquier cosa que usted puede contribuir ayuda.<\/p>\n<p>Si prefieres donar por tel\u00e9fono o si necesita ayuda para donar, por favor <strong><a title=\"P\u00f3ngase En Contacto Con Nosotros\" href=\"https:\/\/soscranes.org\/es\/contact-us\/\">p\u00f3ngase en contacto con nosotros<\/a><\/strong>.<\/p>\n\n\t\t<\/div>\n\t<\/div>\n<\/div><\/div><\/div><\/div>\n<\/div>","protected":false},"excerpt":{"rendered":"Donate The success of SOS Cranes\u00a0is made possible solely through the generous support of our members and donors. Donor gifts help protect our Sandhill\u00a0cranes and ensure that future generations will be able to enjoy\u00a0their beauty through\u00a0sustaining their natural habitat. SOS Cranes accepts donations through Rally.org.\u00a0Rally.org securely processes the donations and gets them straight to us.\u00a0You [...]","protected":false},"author":1,"featured_media":0,"parent":847,"menu_order":3,"comment_status":"closed","ping_status":"closed","template":"","meta":{"footnotes":""},"class_list":["post-853","page","type-page","status-publish","hentry","clearfix"],"yoast_head":"<!-- This site is optimized with the Yoast SEO plugin v27.6 - https:\/\/yoast.com\/product\/yoast-seo-wordpress\/ -->\n<title>Donate - SOS Cranes<\/title>\n<meta name=\"robots\" content=\"index, follow, max-snippet:-1, max-image-preview:large, max-video-preview:-1\" \/>\n<link rel=\"canonical\" href=\"https:\/\/soscranes.org\/es\/how-can-i-help\/donate\/\" \/>\n<meta property=\"og:locale\" content=\"es_MX\" \/>\n<meta property=\"og:type\" content=\"article\" \/>\n<meta property=\"og:title\" content=\"Donate - SOS Cranes\" \/>\n<meta property=\"og:url\" content=\"https:\/\/soscranes.org\/es\/how-can-i-help\/donate\/\" \/>\n<meta property=\"og:site_name\" content=\"SOS Cranes\" \/>\n<meta property=\"article:publisher\" content=\"https:\/\/www.facebook.com\/soscranes\/\" \/>\n<meta property=\"article:modified_time\" content=\"2025-04-26T00:41:02+00:00\" \/>\n<meta name=\"twitter:card\" content=\"summary_large_image\" \/>\n<meta name=\"twitter:label1\" content=\"Tiempo de lectura\" \/>\n\t<meta name=\"twitter:data1\" content=\"1 minuto\" \/>\n<script type=\"application\/ld+json\" class=\"yoast-schema-graph\">{\"@context\":\"https:\\\/\\\/schema.org\",\"@graph\":[{\"@type\":\"WebPage\",\"@id\":\"https:\\\/\\\/soscranes.org\\\/how-can-i-help\\\/donate\\\/\",\"url\":\"https:\\\/\\\/soscranes.org\\\/how-can-i-help\\\/donate\\\/\",\"name\":\"Donate - SOS Cranes\",\"isPartOf\":{\"@id\":\"https:\\\/\\\/soscranes.org\\\/#website\"},\"datePublished\":\"2014-11-20T04:32:48+00:00\",\"dateModified\":\"2025-04-26T00:41:02+00:00\",\"breadcrumb\":{\"@id\":\"https:\\\/\\\/soscranes.org\\\/how-can-i-help\\\/donate\\\/#breadcrumb\"},\"inLanguage\":\"es\",\"potentialAction\":[{\"@type\":\"ReadAction\",\"target\":[\"https:\\\/\\\/soscranes.org\\\/how-can-i-help\\\/donate\\\/\"]}]},{\"@type\":\"BreadcrumbList\",\"@id\":\"https:\\\/\\\/soscranes.org\\\/how-can-i-help\\\/donate\\\/#breadcrumb\",\"itemListElement\":[{\"@type\":\"ListItem\",\"position\":1,\"name\":\"Home\",\"item\":\"https:\\\/\\\/soscranes.org\\\/\"},{\"@type\":\"ListItem\",\"position\":2,\"name\":\"How Can I Help\",\"item\":\"https:\\\/\\\/soscranes.org\\\/how-can-i-help\\\/\"},{\"@type\":\"ListItem\",\"position\":3,\"name\":\"Donate\"}]},{\"@type\":\"WebSite\",\"@id\":\"https:\\\/\\\/soscranes.org\\\/#website\",\"url\":\"https:\\\/\\\/soscranes.org\\\/\",\"name\":\"SOS Cranes\",\"description\":\"Save Our Sandhill Cranes\",\"publisher\":{\"@id\":\"https:\\\/\\\/soscranes.org\\\/#organization\"},\"potentialAction\":[{\"@type\":\"SearchAction\",\"target\":{\"@type\":\"EntryPoint\",\"urlTemplate\":\"https:\\\/\\\/soscranes.org\\\/?s={search_term_string}\"},\"query-input\":{\"@type\":\"PropertyValueSpecification\",\"valueRequired\":true,\"valueName\":\"search_term_string\"}}],\"inLanguage\":\"es\"},{\"@type\":\"Organization\",\"@id\":\"https:\\\/\\\/soscranes.org\\\/#organization\",\"name\":\"SOS Cranes\",\"url\":\"https:\\\/\\\/soscranes.org\\\/\",\"logo\":{\"@type\":\"ImageObject\",\"inLanguage\":\"es\",\"@id\":\"https:\\\/\\\/soscranes.org\\\/#\\\/schema\\\/logo\\\/image\\\/\",\"url\":\"https:\\\/\\\/soscranes.org\\\/wp-content\\\/uploads\\\/2014\\\/11\\\/SOS-Cranes-logo.png\",\"contentUrl\":\"https:\\\/\\\/soscranes.org\\\/wp-content\\\/uploads\\\/2014\\\/11\\\/SOS-Cranes-logo.png\",\"width\":138,\"height\":138,\"caption\":\"SOS Cranes\"},\"image\":{\"@id\":\"https:\\\/\\\/soscranes.org\\\/#\\\/schema\\\/logo\\\/image\\\/\"},\"sameAs\":[\"https:\\\/\\\/www.facebook.com\\\/soscranes\\\/\"]}]}<\/script>\n<!-- \/ Yoast SEO plugin. -->","yoast_head_json":{"title":"Donate - SOS Cranes","robots":{"index":"index","follow":"follow","max-snippet":"max-snippet:-1","max-image-preview":"max-image-preview:large","max-video-preview":"max-video-preview:-1"},"canonical":"https:\/\/soscranes.org\/es\/how-can-i-help\/donate\/","og_locale":"es_MX","og_type":"article","og_title":"Donate - SOS Cranes","og_url":"https:\/\/soscranes.org\/es\/how-can-i-help\/donate\/","og_site_name":"SOS Cranes","article_publisher":"https:\/\/www.facebook.com\/soscranes\/","article_modified_time":"2025-04-26T00:41:02+00:00","twitter_card":"summary_large_image","twitter_misc":{"Tiempo de lectura":"1 minuto"},"schema":{"@context":"https:\/\/schema.org","@graph":[{"@type":"WebPage","@id":"https:\/\/soscranes.org\/how-can-i-help\/donate\/","url":"https:\/\/soscranes.org\/how-can-i-help\/donate\/","name":"Donate - SOS Cranes","isPartOf":{"@id":"https:\/\/soscranes.org\/#website"},"datePublished":"2014-11-20T04:32:48+00:00","dateModified":"2025-04-26T00:41:02+00:00","breadcrumb":{"@id":"https:\/\/soscranes.org\/how-can-i-help\/donate\/#breadcrumb"},"inLanguage":"es","potentialAction":[{"@type":"ReadAction","target":["https:\/\/soscranes.org\/how-can-i-help\/donate\/"]}]},{"@type":"BreadcrumbList","@id":"https:\/\/soscranes.org\/how-can-i-help\/donate\/#breadcrumb","itemListElement":[{"@type":"ListItem","position":1,"name":"Home","item":"https:\/\/soscranes.org\/"},{"@type":"ListItem","position":2,"name":"How Can I Help","item":"https:\/\/soscranes.org\/how-can-i-help\/"},{"@type":"ListItem","position":3,"name":"Donate"}]},{"@type":"WebSite","@id":"https:\/\/soscranes.org\/#website","url":"https:\/\/soscranes.org\/","name":"SOS Gr\u00faas","description":"Save Our Sandhill Cranes","publisher":{"@id":"https:\/\/soscranes.org\/#organization"},"potentialAction":[{"@type":"SearchAction","target":{"@type":"EntryPoint","urlTemplate":"https:\/\/soscranes.org\/?s={search_term_string}"},"query-input":{"@type":"PropertyValueSpecification","valueRequired":true,"valueName":"search_term_string"}}],"inLanguage":"es"},{"@type":"Organization","@id":"https:\/\/soscranes.org\/#organization","name":"SOS Gr\u00faas","url":"https:\/\/soscranes.org\/","logo":{"@type":"ImageObject","inLanguage":"es","@id":"https:\/\/soscranes.org\/#\/schema\/logo\/image\/","url":"https:\/\/soscranes.org\/wp-content\/uploads\/2014\/11\/SOS-Cranes-logo.png","contentUrl":"https:\/\/soscranes.org\/wp-content\/uploads\/2014\/11\/SOS-Cranes-logo.png","width":138,"height":138,"caption":"SOS Cranes"},"image":{"@id":"https:\/\/soscranes.org\/#\/schema\/logo\/image\/"},"sameAs":["https:\/\/www.facebook.com\/soscranes\/"]}]}},"_links":{"self":[{"href":"https:\/\/soscranes.org\/es\/wp-json\/wp\/v2\/pages\/853","targetHints":{"allow":["GET"]}}],"collection":[{"href":"https:\/\/soscranes.org\/es\/wp-json\/wp\/v2\/pages"}],"about":[{"href":"https:\/\/soscranes.org\/es\/wp-json\/wp\/v2\/types\/page"}],"author":[{"embeddable":true,"href":"https:\/\/soscranes.org\/es\/wp-json\/wp\/v2\/users\/1"}],"replies":[{"embeddable":true,"href":"https:\/\/soscranes.org\/es\/wp-json\/wp\/v2\/comments?post=853"}],"version-history":[{"count":11,"href":"https:\/\/soscranes.org\/es\/wp-json\/wp\/v2\/pages\/853\/revisions"}],"predecessor-version":[{"id":2567,"href":"https:\/\/soscranes.org\/es\/wp-json\/wp\/v2\/pages\/853\/revisions\/2567"}],"up":[{"embeddable":true,"href":"https:\/\/soscranes.org\/es\/wp-json\/wp\/v2\/pages\/847"}],"wp:attachment":[{"href":"https:\/\/soscranes.org\/es\/wp-json\/wp\/v2\/media?parent=853"}],"curies":[{"name":"wp","href":"https:\/\/api.w.org\/{rel}","templated":true}]}}