{"id":851,"date":"2014-11-20T04:32:13","date_gmt":"2014-11-20T04:32:13","guid":{"rendered":"http:\/\/www.designforgetest.biz\/soscranes\/?page_id=851"},"modified":"2025-04-25T17:41:56","modified_gmt":"2025-04-26T00:41:56","slug":"contact-your-local-government","status":"publish","type":"page","link":"https:\/\/soscranes.org\/es\/how-can-i-help\/contact-your-local-government\/","title":{"rendered":"P\u00f3ngase En Contacto Con Su Gobierno Local"},"content":{"rendered":"<div class=\"wpb-content-wrapper\"><div class=\"vc_row wpb_row vc_row-fluid\"><div class=\"wpb_column vc_column_container vc_col-sm-12\"><div class=\"vc_column-inner\"><div class=\"wpb_wrapper\"><h1 style=\"color: #B13A4C;text-align: left\" class=\"vc_custom_heading default\">P\u00f3ngase En Contacto Con Su Gobierno Local<\/h1><\/div><\/div><\/div><\/div><div class=\"vc_row wpb_row vc_row-fluid\"><div class=\"wpb_column vc_column_container vc_col-sm-12\"><div class=\"vc_column-inner\"><div class=\"wpb_wrapper\">\n\t<div class=\"wpb_text_column wpb_content_element\" >\n\t\t<div class=\"wpb_wrapper\">\n\t\t\t<h2 style=\"text-align: left;\">La Forma m\u00e1s sencilla de Ayudar a Nuestros Gr\u00faas<\/h2>\n<p>Cuando las cuestiones de importancia para Sandhill crane h\u00e1bitat vienen de arriba, hay a menudo de audiencias p\u00fablicas para discutir el tema. Puede ser un proyecto de desarrollo, una actualizaci\u00f3n del plan general o de una solicitud a la Agencia Local Comisi\u00f3n de Formaci\u00f3n de una ciudad a expandir sus l\u00edmites.<\/p>\n<p>Cuando podemos, SOS Gr\u00faas intenta ofrecer su testimonio en la correspondiente audiencia p\u00fablica. La mayor\u00eda de las personas, sin embargo, no est\u00e1n dispuestos a tomar todo el tiempo necesario para testificar en una audiencia, y muchas personas no se sienten c\u00f3modas hablando en un foro p\u00fablico. Eso no quiere decir que no son apasionados sobre el tema en discusi\u00f3n. Este tipo de personas, sin embargo, todav\u00eda puede hacer que sus voces sean escuchadas por el env\u00edo de una carta a la entidad responsable de la decisi\u00f3n, sea un consejo de la ciudad, el LAFCo o la Junta de Supervisores.<\/p>\n<p>Si suficientes personas se toman el tiempo para escribir cartas, consigue la atenci\u00f3n de los funcionarios electos del gobierno. Todos ellos son sensibles a la opini\u00f3n del p\u00fablico, en persona o a trav\u00e9s de una carta, especialmente si es de los que va a votar en la pr\u00f3xima elecci\u00f3n. Para enviar cartas. Se puede hacer una gran diferencia \u2014 correo electr\u00f3nico o copia impresa a trav\u00e9s de USPS.<\/p>\n\n\t\t<\/div>\n\t<\/div>\n<\/div><\/div><\/div><\/div>\n<\/div>","protected":false},"excerpt":{"rendered":"Contact Your Local Government The Simplest Way\u00a0to Help Our Cranes When issues of importance to Sandhill crane habitat come up, there are often public hearings to discuss the issue. It may be a development project, a general plan update or a request to the Local Agency Formation Commission from a city to expand its boundary. [...]","protected":false},"author":1,"featured_media":0,"parent":847,"menu_order":4,"comment_status":"closed","ping_status":"closed","template":"","meta":{"footnotes":""},"class_list":["post-851","page","type-page","status-publish","hentry","clearfix"],"yoast_head":"<!-- This site is optimized with the Yoast SEO plugin v27.6 - https:\/\/yoast.com\/product\/yoast-seo-wordpress\/ -->\n<title>Contact Your Local Government - SOS Cranes<\/title>\n<meta name=\"robots\" content=\"index, follow, max-snippet:-1, max-image-preview:large, max-video-preview:-1\" \/>\n<link rel=\"canonical\" href=\"https:\/\/soscranes.org\/es\/how-can-i-help\/contact-your-local-government\/\" \/>\n<meta property=\"og:locale\" content=\"es_MX\" \/>\n<meta property=\"og:type\" content=\"article\" \/>\n<meta property=\"og:title\" content=\"Contact Your Local Government - SOS Cranes\" \/>\n<meta property=\"og:url\" content=\"https:\/\/soscranes.org\/es\/how-can-i-help\/contact-your-local-government\/\" \/>\n<meta property=\"og:site_name\" content=\"SOS Cranes\" \/>\n<meta property=\"article:publisher\" content=\"https:\/\/www.facebook.com\/soscranes\/\" \/>\n<meta property=\"article:modified_time\" content=\"2025-04-26T00:41:56+00:00\" \/>\n<meta name=\"twitter:card\" content=\"summary_large_image\" \/>\n<meta name=\"twitter:label1\" content=\"Tiempo de lectura\" \/>\n\t<meta name=\"twitter:data1\" content=\"1 minuto\" \/>\n<script type=\"application\/ld+json\" class=\"yoast-schema-graph\">{\"@context\":\"https:\\\/\\\/schema.org\",\"@graph\":[{\"@type\":\"WebPage\",\"@id\":\"https:\\\/\\\/soscranes.org\\\/how-can-i-help\\\/contact-your-local-government\\\/\",\"url\":\"https:\\\/\\\/soscranes.org\\\/how-can-i-help\\\/contact-your-local-government\\\/\",\"name\":\"Contact Your Local Government - SOS Cranes\",\"isPartOf\":{\"@id\":\"https:\\\/\\\/soscranes.org\\\/#website\"},\"datePublished\":\"2014-11-20T04:32:13+00:00\",\"dateModified\":\"2025-04-26T00:41:56+00:00\",\"breadcrumb\":{\"@id\":\"https:\\\/\\\/soscranes.org\\\/how-can-i-help\\\/contact-your-local-government\\\/#breadcrumb\"},\"inLanguage\":\"es\",\"potentialAction\":[{\"@type\":\"ReadAction\",\"target\":[\"https:\\\/\\\/soscranes.org\\\/how-can-i-help\\\/contact-your-local-government\\\/\"]}]},{\"@type\":\"BreadcrumbList\",\"@id\":\"https:\\\/\\\/soscranes.org\\\/how-can-i-help\\\/contact-your-local-government\\\/#breadcrumb\",\"itemListElement\":[{\"@type\":\"ListItem\",\"position\":1,\"name\":\"Home\",\"item\":\"https:\\\/\\\/soscranes.org\\\/\"},{\"@type\":\"ListItem\",\"position\":2,\"name\":\"How Can I Help\",\"item\":\"https:\\\/\\\/soscranes.org\\\/how-can-i-help\\\/\"},{\"@type\":\"ListItem\",\"position\":3,\"name\":\"Contact Your Local Government\"}]},{\"@type\":\"WebSite\",\"@id\":\"https:\\\/\\\/soscranes.org\\\/#website\",\"url\":\"https:\\\/\\\/soscranes.org\\\/\",\"name\":\"SOS Cranes\",\"description\":\"Save Our Sandhill Cranes\",\"publisher\":{\"@id\":\"https:\\\/\\\/soscranes.org\\\/#organization\"},\"potentialAction\":[{\"@type\":\"SearchAction\",\"target\":{\"@type\":\"EntryPoint\",\"urlTemplate\":\"https:\\\/\\\/soscranes.org\\\/?s={search_term_string}\"},\"query-input\":{\"@type\":\"PropertyValueSpecification\",\"valueRequired\":true,\"valueName\":\"search_term_string\"}}],\"inLanguage\":\"es\"},{\"@type\":\"Organization\",\"@id\":\"https:\\\/\\\/soscranes.org\\\/#organization\",\"name\":\"SOS Cranes\",\"url\":\"https:\\\/\\\/soscranes.org\\\/\",\"logo\":{\"@type\":\"ImageObject\",\"inLanguage\":\"es\",\"@id\":\"https:\\\/\\\/soscranes.org\\\/#\\\/schema\\\/logo\\\/image\\\/\",\"url\":\"https:\\\/\\\/soscranes.org\\\/wp-content\\\/uploads\\\/2014\\\/11\\\/SOS-Cranes-logo.png\",\"contentUrl\":\"https:\\\/\\\/soscranes.org\\\/wp-content\\\/uploads\\\/2014\\\/11\\\/SOS-Cranes-logo.png\",\"width\":138,\"height\":138,\"caption\":\"SOS Cranes\"},\"image\":{\"@id\":\"https:\\\/\\\/soscranes.org\\\/#\\\/schema\\\/logo\\\/image\\\/\"},\"sameAs\":[\"https:\\\/\\\/www.facebook.com\\\/soscranes\\\/\"]}]}<\/script>\n<!-- \/ Yoast SEO plugin. -->","yoast_head_json":{"title":"Contact Your Local Government - SOS Cranes","robots":{"index":"index","follow":"follow","max-snippet":"max-snippet:-1","max-image-preview":"max-image-preview:large","max-video-preview":"max-video-preview:-1"},"canonical":"https:\/\/soscranes.org\/es\/how-can-i-help\/contact-your-local-government\/","og_locale":"es_MX","og_type":"article","og_title":"Contact Your Local Government - SOS Cranes","og_url":"https:\/\/soscranes.org\/es\/how-can-i-help\/contact-your-local-government\/","og_site_name":"SOS Cranes","article_publisher":"https:\/\/www.facebook.com\/soscranes\/","article_modified_time":"2025-04-26T00:41:56+00:00","twitter_card":"summary_large_image","twitter_misc":{"Tiempo de lectura":"1 minuto"},"schema":{"@context":"https:\/\/schema.org","@graph":[{"@type":"WebPage","@id":"https:\/\/soscranes.org\/how-can-i-help\/contact-your-local-government\/","url":"https:\/\/soscranes.org\/how-can-i-help\/contact-your-local-government\/","name":"Contact Your Local Government - SOS Cranes","isPartOf":{"@id":"https:\/\/soscranes.org\/#website"},"datePublished":"2014-11-20T04:32:13+00:00","dateModified":"2025-04-26T00:41:56+00:00","breadcrumb":{"@id":"https:\/\/soscranes.org\/how-can-i-help\/contact-your-local-government\/#breadcrumb"},"inLanguage":"es","potentialAction":[{"@type":"ReadAction","target":["https:\/\/soscranes.org\/how-can-i-help\/contact-your-local-government\/"]}]},{"@type":"BreadcrumbList","@id":"https:\/\/soscranes.org\/how-can-i-help\/contact-your-local-government\/#breadcrumb","itemListElement":[{"@type":"ListItem","position":1,"name":"Home","item":"https:\/\/soscranes.org\/"},{"@type":"ListItem","position":2,"name":"How Can I Help","item":"https:\/\/soscranes.org\/how-can-i-help\/"},{"@type":"ListItem","position":3,"name":"Contact Your Local Government"}]},{"@type":"WebSite","@id":"https:\/\/soscranes.org\/#website","url":"https:\/\/soscranes.org\/","name":"SOS Gr\u00faas","description":"Save Our Sandhill Cranes","publisher":{"@id":"https:\/\/soscranes.org\/#organization"},"potentialAction":[{"@type":"SearchAction","target":{"@type":"EntryPoint","urlTemplate":"https:\/\/soscranes.org\/?s={search_term_string}"},"query-input":{"@type":"PropertyValueSpecification","valueRequired":true,"valueName":"search_term_string"}}],"inLanguage":"es"},{"@type":"Organization","@id":"https:\/\/soscranes.org\/#organization","name":"SOS Gr\u00faas","url":"https:\/\/soscranes.org\/","logo":{"@type":"ImageObject","inLanguage":"es","@id":"https:\/\/soscranes.org\/#\/schema\/logo\/image\/","url":"https:\/\/soscranes.org\/wp-content\/uploads\/2014\/11\/SOS-Cranes-logo.png","contentUrl":"https:\/\/soscranes.org\/wp-content\/uploads\/2014\/11\/SOS-Cranes-logo.png","width":138,"height":138,"caption":"SOS Cranes"},"image":{"@id":"https:\/\/soscranes.org\/#\/schema\/logo\/image\/"},"sameAs":["https:\/\/www.facebook.com\/soscranes\/"]}]}},"_links":{"self":[{"href":"https:\/\/soscranes.org\/es\/wp-json\/wp\/v2\/pages\/851","targetHints":{"allow":["GET"]}}],"collection":[{"href":"https:\/\/soscranes.org\/es\/wp-json\/wp\/v2\/pages"}],"about":[{"href":"https:\/\/soscranes.org\/es\/wp-json\/wp\/v2\/types\/page"}],"author":[{"embeddable":true,"href":"https:\/\/soscranes.org\/es\/wp-json\/wp\/v2\/users\/1"}],"replies":[{"embeddable":true,"href":"https:\/\/soscranes.org\/es\/wp-json\/wp\/v2\/comments?post=851"}],"version-history":[{"count":9,"href":"https:\/\/soscranes.org\/es\/wp-json\/wp\/v2\/pages\/851\/revisions"}],"predecessor-version":[{"id":2569,"href":"https:\/\/soscranes.org\/es\/wp-json\/wp\/v2\/pages\/851\/revisions\/2569"}],"up":[{"embeddable":true,"href":"https:\/\/soscranes.org\/es\/wp-json\/wp\/v2\/pages\/847"}],"wp:attachment":[{"href":"https:\/\/soscranes.org\/es\/wp-json\/wp\/v2\/media?parent=851"}],"curies":[{"name":"wp","href":"https:\/\/api.w.org\/{rel}","templated":true}]}}