{"id":843,"date":"2014-11-20T04:28:53","date_gmt":"2014-11-20T04:28:53","guid":{"rendered":"http:\/\/www.designforgetest.biz\/soscranes\/?page_id=843"},"modified":"2025-04-25T16:59:01","modified_gmt":"2025-04-25T23:59:01","slug":"for-teachers","status":"publish","type":"page","link":"https:\/\/soscranes.org\/es\/visit-the-cranes\/for-teachers\/","title":{"rendered":"Para Los Profesores"},"content":{"rendered":"<div class=\"wpb-content-wrapper\"><div class=\"vc_row wpb_row vc_row-fluid\"><div class=\"wpb_column vc_column_container vc_col-sm-12\"><div class=\"vc_column-inner\"><div class=\"wpb_wrapper\"><div class=\"vc_row wpb_row vc_inner vc_row-fluid\"><div class=\"wpb_column vc_column_container vc_col-sm-12\"><div class=\"vc_column-inner\"><div class=\"wpb_wrapper\"><h1 style=\"color: #B13A4C;text-align: left\" class=\"vc_custom_heading default\">Para Los Profesores<\/h1><\/div><\/div><\/div><\/div><\/div><\/div><\/div><\/div><div class=\"vc_row wpb_row vc_row-fluid\"><div class=\"wpb_column vc_column_container vc_col-sm-12\"><div class=\"vc_column-inner\"><div class=\"wpb_wrapper\">\n\t<div class=\"wpb_text_column wpb_content_element\" >\n\t\t<div class=\"wpb_wrapper\">\n\t\t\t<h2>Sandhill Crane Educaci\u00f3n para los Profesores<\/h2>\n<p>Grulla son muy distintivos de las aves debido a su toque de corneta, a su gran tama\u00f1o, su color gris plumas del cuerpo, rojo de las plumas de la pac, y sus complejos patrones de comportamiento. La Mayor Sandhill crane aparece como una \"Especie Amenazada\" por el Departamento de California de los Peces y la vida Silvestre. Los profesores que desean un espec\u00edfico plan de la lecci\u00f3n para su grupo de edad que se pongan en contacto SOS Gr\u00faas, y proporcionaremos los materiales.<\/p>\n<p><strong>SOS Gr\u00faas<\/strong>\u00a0va a trabajar con los maestros para proporcionar <strong>tours privados para las clases<\/strong>. Tambi\u00e9n podemos <strong>ir a su escuela como docente<\/strong> en Sandhill Cranes para <strong>3\u00ba y 4\u00ba de grado de clases<\/strong>. <strong><a title=\"P\u00f3ngase En Contacto Con Nosotros\" href=\"https:\/\/soscranes.org\/es\/contact-us\/\">P\u00f3ngase en contacto con nosotros<\/a><\/strong> para obtener m\u00e1s informaci\u00f3n y para hacer los arreglos.<\/p>\n\n\t\t<\/div>\n\t<\/div>\n\n\t<div class=\"wpb_text_column wpb_content_element\" >\n\t\t<div class=\"wpb_wrapper\">\n\t\t\t<h4>La Migraci\u00f3n De Las Aves Juego<\/h4>\n<p><strong>C\u00f3mo se juega:<\/strong> El maestro dispone de hasta 7 estaciones alrededor de la habitaci\u00f3n. A los ni\u00f1os se les da una hoja de papel con siete espacios en blanco para los sellos y las siete frases que coinciden con los sellos. Se pidi\u00f3 ir a las estaciones y coincide con la marca con la frases que describan las actividades en una gr\u00faa del ciclo de vida.<\/p>\n<ul>\n<li><strong>Estaci\u00f3n 1<\/strong> tiene una foto de gr\u00faas de la alimentaci\u00f3n en el campo de un agricultor en el Valle Central.<em> Un copo de nieve de cupones.<\/em><\/li>\n<li><strong>Estaci\u00f3n 2<\/strong> tiene una foto de gr\u00faas de pie en el agua en los grupos. <em>Una luna de cupones.<\/em><\/li>\n<li><strong>Estaci\u00f3n 3<\/strong> tiene una foto o dibujo de pastizales con semillas, insectos y roedores. <em>Un error de cupones.<\/em><\/li>\n<li><strong>Estaci\u00f3n 4<\/strong> tiene un mapa de las rutas de migraci\u00f3n a sus sitios de anidaci\u00f3n en Oregon y Alaska. <em>Un avi\u00f3n de la estampilla.<\/em><\/li>\n<li><strong>Estaci\u00f3n 5<\/strong> tiene fotos de las l\u00edneas de alimentaci\u00f3n y de los aeropuertos y los molinos de viento. <em>Un cr\u00e1neo y bandera pirata del sello.<\/em><\/li>\n<li><strong>Estaci\u00f3n 6<\/strong> tiene una imagen de una pareja de grullas. <em>Un coraz\u00f3n de cupones.<\/em><\/li>\n<li><strong>Estaci\u00f3n 7<\/strong> tiene una foto de un nido en la hierba con los j\u00f3venes de las gr\u00faas. <em>Un nido con cr\u00edas de aves de cupones.<\/em><\/li>\n<\/ul>\n\n\t\t<\/div>\n\t<\/div>\n<\/div><\/div><\/div><\/div>\n<\/div>","protected":false},"excerpt":{"rendered":"For Teachers Sandhill Crane Education for Teachers Sandhill cranes are very distinctive birds because of their bugle call, their large size, their pale gray body feathers, red featherless cap, and their complex behavior patterns. The Greater Sandhill crane is listed as a \"Threatened Species\" by the California Department of Fish and Wildlife. Teachers who would [...]","protected":false},"author":1,"featured_media":0,"parent":839,"menu_order":2,"comment_status":"closed","ping_status":"closed","template":"","meta":{"footnotes":""},"class_list":["post-843","page","type-page","status-publish","hentry","clearfix"],"yoast_head":"<!-- This site is optimized with the Yoast SEO plugin v27.6 - https:\/\/yoast.com\/product\/yoast-seo-wordpress\/ -->\n<title>For Teachers - SOS Cranes<\/title>\n<meta name=\"robots\" content=\"index, follow, max-snippet:-1, max-image-preview:large, max-video-preview:-1\" \/>\n<link rel=\"canonical\" href=\"https:\/\/soscranes.org\/es\/visit-the-cranes\/for-teachers\/\" \/>\n<meta property=\"og:locale\" content=\"es_MX\" \/>\n<meta property=\"og:type\" content=\"article\" \/>\n<meta property=\"og:title\" content=\"For Teachers - SOS Cranes\" \/>\n<meta property=\"og:url\" content=\"https:\/\/soscranes.org\/es\/visit-the-cranes\/for-teachers\/\" \/>\n<meta property=\"og:site_name\" content=\"SOS Cranes\" \/>\n<meta property=\"article:publisher\" content=\"https:\/\/www.facebook.com\/soscranes\/\" \/>\n<meta property=\"article:modified_time\" content=\"2025-04-25T23:59:01+00:00\" \/>\n<meta name=\"twitter:card\" content=\"summary_large_image\" \/>\n<meta name=\"twitter:label1\" content=\"Tiempo de lectura\" \/>\n\t<meta name=\"twitter:data1\" content=\"2 minutos\" \/>\n<script type=\"application\/ld+json\" class=\"yoast-schema-graph\">{\"@context\":\"https:\\\/\\\/schema.org\",\"@graph\":[{\"@type\":\"WebPage\",\"@id\":\"https:\\\/\\\/soscranes.org\\\/visit-the-cranes\\\/for-teachers\\\/\",\"url\":\"https:\\\/\\\/soscranes.org\\\/visit-the-cranes\\\/for-teachers\\\/\",\"name\":\"For Teachers - SOS Cranes\",\"isPartOf\":{\"@id\":\"https:\\\/\\\/soscranes.org\\\/#website\"},\"datePublished\":\"2014-11-20T04:28:53+00:00\",\"dateModified\":\"2025-04-25T23:59:01+00:00\",\"breadcrumb\":{\"@id\":\"https:\\\/\\\/soscranes.org\\\/visit-the-cranes\\\/for-teachers\\\/#breadcrumb\"},\"inLanguage\":\"es\",\"potentialAction\":[{\"@type\":\"ReadAction\",\"target\":[\"https:\\\/\\\/soscranes.org\\\/visit-the-cranes\\\/for-teachers\\\/\"]}]},{\"@type\":\"BreadcrumbList\",\"@id\":\"https:\\\/\\\/soscranes.org\\\/visit-the-cranes\\\/for-teachers\\\/#breadcrumb\",\"itemListElement\":[{\"@type\":\"ListItem\",\"position\":1,\"name\":\"Home\",\"item\":\"https:\\\/\\\/soscranes.org\\\/\"},{\"@type\":\"ListItem\",\"position\":2,\"name\":\"Visit the Cranes\",\"item\":\"https:\\\/\\\/soscranes.org\\\/visit-the-cranes\\\/\"},{\"@type\":\"ListItem\",\"position\":3,\"name\":\"For Teachers\"}]},{\"@type\":\"WebSite\",\"@id\":\"https:\\\/\\\/soscranes.org\\\/#website\",\"url\":\"https:\\\/\\\/soscranes.org\\\/\",\"name\":\"SOS Cranes\",\"description\":\"Save Our Sandhill Cranes\",\"publisher\":{\"@id\":\"https:\\\/\\\/soscranes.org\\\/#organization\"},\"potentialAction\":[{\"@type\":\"SearchAction\",\"target\":{\"@type\":\"EntryPoint\",\"urlTemplate\":\"https:\\\/\\\/soscranes.org\\\/?s={search_term_string}\"},\"query-input\":{\"@type\":\"PropertyValueSpecification\",\"valueRequired\":true,\"valueName\":\"search_term_string\"}}],\"inLanguage\":\"es\"},{\"@type\":\"Organization\",\"@id\":\"https:\\\/\\\/soscranes.org\\\/#organization\",\"name\":\"SOS Cranes\",\"url\":\"https:\\\/\\\/soscranes.org\\\/\",\"logo\":{\"@type\":\"ImageObject\",\"inLanguage\":\"es\",\"@id\":\"https:\\\/\\\/soscranes.org\\\/#\\\/schema\\\/logo\\\/image\\\/\",\"url\":\"https:\\\/\\\/soscranes.org\\\/wp-content\\\/uploads\\\/2014\\\/11\\\/SOS-Cranes-logo.png\",\"contentUrl\":\"https:\\\/\\\/soscranes.org\\\/wp-content\\\/uploads\\\/2014\\\/11\\\/SOS-Cranes-logo.png\",\"width\":138,\"height\":138,\"caption\":\"SOS Cranes\"},\"image\":{\"@id\":\"https:\\\/\\\/soscranes.org\\\/#\\\/schema\\\/logo\\\/image\\\/\"},\"sameAs\":[\"https:\\\/\\\/www.facebook.com\\\/soscranes\\\/\"]}]}<\/script>\n<!-- \/ Yoast SEO plugin. -->","yoast_head_json":{"title":"For Teachers - SOS Cranes","robots":{"index":"index","follow":"follow","max-snippet":"max-snippet:-1","max-image-preview":"max-image-preview:large","max-video-preview":"max-video-preview:-1"},"canonical":"https:\/\/soscranes.org\/es\/visit-the-cranes\/for-teachers\/","og_locale":"es_MX","og_type":"article","og_title":"For Teachers - SOS Cranes","og_url":"https:\/\/soscranes.org\/es\/visit-the-cranes\/for-teachers\/","og_site_name":"SOS Cranes","article_publisher":"https:\/\/www.facebook.com\/soscranes\/","article_modified_time":"2025-04-25T23:59:01+00:00","twitter_card":"summary_large_image","twitter_misc":{"Tiempo de lectura":"2 minutos"},"schema":{"@context":"https:\/\/schema.org","@graph":[{"@type":"WebPage","@id":"https:\/\/soscranes.org\/visit-the-cranes\/for-teachers\/","url":"https:\/\/soscranes.org\/visit-the-cranes\/for-teachers\/","name":"For Teachers - SOS Cranes","isPartOf":{"@id":"https:\/\/soscranes.org\/#website"},"datePublished":"2014-11-20T04:28:53+00:00","dateModified":"2025-04-25T23:59:01+00:00","breadcrumb":{"@id":"https:\/\/soscranes.org\/visit-the-cranes\/for-teachers\/#breadcrumb"},"inLanguage":"es","potentialAction":[{"@type":"ReadAction","target":["https:\/\/soscranes.org\/visit-the-cranes\/for-teachers\/"]}]},{"@type":"BreadcrumbList","@id":"https:\/\/soscranes.org\/visit-the-cranes\/for-teachers\/#breadcrumb","itemListElement":[{"@type":"ListItem","position":1,"name":"Home","item":"https:\/\/soscranes.org\/"},{"@type":"ListItem","position":2,"name":"Visit the Cranes","item":"https:\/\/soscranes.org\/visit-the-cranes\/"},{"@type":"ListItem","position":3,"name":"For Teachers"}]},{"@type":"WebSite","@id":"https:\/\/soscranes.org\/#website","url":"https:\/\/soscranes.org\/","name":"SOS Gr\u00faas","description":"Save Our Sandhill Cranes","publisher":{"@id":"https:\/\/soscranes.org\/#organization"},"potentialAction":[{"@type":"SearchAction","target":{"@type":"EntryPoint","urlTemplate":"https:\/\/soscranes.org\/?s={search_term_string}"},"query-input":{"@type":"PropertyValueSpecification","valueRequired":true,"valueName":"search_term_string"}}],"inLanguage":"es"},{"@type":"Organization","@id":"https:\/\/soscranes.org\/#organization","name":"SOS Gr\u00faas","url":"https:\/\/soscranes.org\/","logo":{"@type":"ImageObject","inLanguage":"es","@id":"https:\/\/soscranes.org\/#\/schema\/logo\/image\/","url":"https:\/\/soscranes.org\/wp-content\/uploads\/2014\/11\/SOS-Cranes-logo.png","contentUrl":"https:\/\/soscranes.org\/wp-content\/uploads\/2014\/11\/SOS-Cranes-logo.png","width":138,"height":138,"caption":"SOS Cranes"},"image":{"@id":"https:\/\/soscranes.org\/#\/schema\/logo\/image\/"},"sameAs":["https:\/\/www.facebook.com\/soscranes\/"]}]}},"_links":{"self":[{"href":"https:\/\/soscranes.org\/es\/wp-json\/wp\/v2\/pages\/843","targetHints":{"allow":["GET"]}}],"collection":[{"href":"https:\/\/soscranes.org\/es\/wp-json\/wp\/v2\/pages"}],"about":[{"href":"https:\/\/soscranes.org\/es\/wp-json\/wp\/v2\/types\/page"}],"author":[{"embeddable":true,"href":"https:\/\/soscranes.org\/es\/wp-json\/wp\/v2\/users\/1"}],"replies":[{"embeddable":true,"href":"https:\/\/soscranes.org\/es\/wp-json\/wp\/v2\/comments?post=843"}],"version-history":[{"count":11,"href":"https:\/\/soscranes.org\/es\/wp-json\/wp\/v2\/pages\/843\/revisions"}],"predecessor-version":[{"id":2556,"href":"https:\/\/soscranes.org\/es\/wp-json\/wp\/v2\/pages\/843\/revisions\/2556"}],"up":[{"embeddable":true,"href":"https:\/\/soscranes.org\/es\/wp-json\/wp\/v2\/pages\/839"}],"wp:attachment":[{"href":"https:\/\/soscranes.org\/es\/wp-json\/wp\/v2\/media?parent=843"}],"curies":[{"name":"wp","href":"https:\/\/api.w.org\/{rel}","templated":true}]}}