{"id":839,"date":"2014-11-20T04:27:34","date_gmt":"2014-11-20T04:27:34","guid":{"rendered":"http:\/\/www.designforgetest.biz\/soscranes\/?page_id=839"},"modified":"2025-04-25T15:51:54","modified_gmt":"2025-04-25T22:51:54","slug":"visit-the-cranes","status":"publish","type":"page","link":"https:\/\/soscranes.org\/es\/visit-the-cranes\/","title":{"rendered":"Visita de las Gr\u00faas"},"content":{"rendered":"<div class=\"wpb-content-wrapper\"><div class=\"vc_row wpb_row vc_row-fluid\"><div class=\"wpb_column vc_column_container vc_col-sm-12\"><div class=\"vc_column-inner\"><div class=\"wpb_wrapper\"><h1 style=\"color: #B13A4C;text-align: left\" class=\"vc_custom_heading default\">Visita de las Gr\u00faas<\/h1><div class=\"vc_row wpb_row vc_inner vc_row-fluid\"><div class=\"wpb_column vc_column_container vc_col-sm-6\"><div class=\"vc_column-inner\"><div class=\"wpb_wrapper\">\n\t<div class=\"wpb_text_column wpb_content_element\" >\n\t\t<div class=\"wpb_wrapper\">\n\t\t\t<p><strong>SOS Gr\u00faas<\/strong>\u00a0proporciona la informaci\u00f3n, la educaci\u00f3n y la inspiraci\u00f3n con respecto a nuestra grulla. Nuestro objetivo es involucrar a la gente en la conservaci\u00f3n de la grulla y los h\u00e1bitats que son dependientes. A trav\u00e9s de la difusi\u00f3n de nuestras gr\u00faas, nos promover el conocimiento y conservaci\u00f3n del medio ambiente como un concepto completo. A trav\u00e9s de la educaci\u00f3n y la divulgaci\u00f3n, estamos dedicados en la sensibilizaci\u00f3n acerca de las amenazas naturales a las comunidades que soportan gr\u00faas y otras especies de vida silvestre para proteger a nuestros grulla.<\/p>\n\n\t\t<\/div>\n\t<\/div>\n<\/div><\/div><\/div><div class=\"wpb_column vc_column_container vc_col-sm-6\"><div class=\"vc_column-inner\"><div class=\"wpb_wrapper\">\n\t<div  class=\"wpb_single_image wpb_content_element vc_align_left wpb_content_element\">\n\t\t\n\t\t<figure class=\"wpb_wrapper vc_figure\">\n\t\t\t<div class=\"vc_single_image-wrapper vc_box_shadow_border  vc_box_border_grey\"><img loading=\"lazy\" decoding=\"async\" width=\"750\" height=\"1000\" src=\"https:\/\/soscranes.org\/wp-content\/uploads\/2025\/04\/Sandhill-Cranes-Sidebar-3.jpg\" class=\"vc_single_image-img attachment-full\" alt=\"\" title=\"Grus-Gr\u00faas-Sidebar-3\" srcset=\"https:\/\/soscranes.org\/wp-content\/uploads\/2025\/04\/Sandhill-Cranes-Sidebar-3.jpg 750w, https:\/\/soscranes.org\/wp-content\/uploads\/2025\/04\/Sandhill-Cranes-Sidebar-3-225x300.jpg 225w\" sizes=\"auto, (max-width: 750px) 100vw, 750px\" \/><\/div>\n\t\t<\/figure>\n\t<\/div>\n<\/div><\/div><\/div><\/div><\/div><\/div><\/div><\/div>\n<\/div>","protected":false},"excerpt":{"rendered":"Visit the Cranes SOS Cranes\u00a0provides information, education\u00a0and inspiration regarding our Sandhill cranes. Our goal is to engage people in the conservation of the sandhill cranes and the\u00a0habitats,\u00a0which they are dependent upon. Through outreach on our cranes,\u00a0we promote awareness and\u00a0environmental conservation as an entire concept. Through education and outreach, we are dedicated in raising awareness of\u00a0the [...]","protected":false},"author":1,"featured_media":0,"parent":0,"menu_order":4,"comment_status":"closed","ping_status":"closed","template":"","meta":{"footnotes":""},"class_list":["post-839","page","type-page","status-publish","hentry","clearfix"],"yoast_head":"<!-- This site is optimized with the Yoast SEO plugin v27.6 - https:\/\/yoast.com\/product\/yoast-seo-wordpress\/ -->\n<title>Visit the Cranes - SOS Cranes<\/title>\n<meta name=\"robots\" content=\"index, follow, max-snippet:-1, max-image-preview:large, max-video-preview:-1\" \/>\n<link rel=\"canonical\" href=\"https:\/\/soscranes.org\/es\/visit-the-cranes\/\" \/>\n<meta property=\"og:locale\" content=\"es_MX\" \/>\n<meta property=\"og:type\" content=\"article\" \/>\n<meta property=\"og:title\" content=\"Visit the Cranes - SOS Cranes\" \/>\n<meta property=\"og:url\" content=\"https:\/\/soscranes.org\/es\/visit-the-cranes\/\" \/>\n<meta property=\"og:site_name\" content=\"SOS Cranes\" \/>\n<meta property=\"article:publisher\" content=\"https:\/\/www.facebook.com\/soscranes\/\" \/>\n<meta property=\"article:modified_time\" content=\"2025-04-25T22:51:54+00:00\" \/>\n<meta name=\"twitter:card\" content=\"summary_large_image\" \/>\n<meta name=\"twitter:label1\" content=\"Tiempo de lectura\" \/>\n\t<meta name=\"twitter:data1\" content=\"1 minuto\" \/>\n<script type=\"application\/ld+json\" class=\"yoast-schema-graph\">{\"@context\":\"https:\\\/\\\/schema.org\",\"@graph\":[{\"@type\":\"WebPage\",\"@id\":\"https:\\\/\\\/soscranes.org\\\/visit-the-cranes\\\/\",\"url\":\"https:\\\/\\\/soscranes.org\\\/visit-the-cranes\\\/\",\"name\":\"Visit the Cranes - SOS Cranes\",\"isPartOf\":{\"@id\":\"https:\\\/\\\/soscranes.org\\\/#website\"},\"datePublished\":\"2014-11-20T04:27:34+00:00\",\"dateModified\":\"2025-04-25T22:51:54+00:00\",\"breadcrumb\":{\"@id\":\"https:\\\/\\\/soscranes.org\\\/visit-the-cranes\\\/#breadcrumb\"},\"inLanguage\":\"es\",\"potentialAction\":[{\"@type\":\"ReadAction\",\"target\":[\"https:\\\/\\\/soscranes.org\\\/visit-the-cranes\\\/\"]}]},{\"@type\":\"BreadcrumbList\",\"@id\":\"https:\\\/\\\/soscranes.org\\\/visit-the-cranes\\\/#breadcrumb\",\"itemListElement\":[{\"@type\":\"ListItem\",\"position\":1,\"name\":\"Home\",\"item\":\"https:\\\/\\\/soscranes.org\\\/\"},{\"@type\":\"ListItem\",\"position\":2,\"name\":\"Visit the Cranes\"}]},{\"@type\":\"WebSite\",\"@id\":\"https:\\\/\\\/soscranes.org\\\/#website\",\"url\":\"https:\\\/\\\/soscranes.org\\\/\",\"name\":\"SOS Cranes\",\"description\":\"Save Our Sandhill Cranes\",\"publisher\":{\"@id\":\"https:\\\/\\\/soscranes.org\\\/#organization\"},\"potentialAction\":[{\"@type\":\"SearchAction\",\"target\":{\"@type\":\"EntryPoint\",\"urlTemplate\":\"https:\\\/\\\/soscranes.org\\\/?s={search_term_string}\"},\"query-input\":{\"@type\":\"PropertyValueSpecification\",\"valueRequired\":true,\"valueName\":\"search_term_string\"}}],\"inLanguage\":\"es\"},{\"@type\":\"Organization\",\"@id\":\"https:\\\/\\\/soscranes.org\\\/#organization\",\"name\":\"SOS Cranes\",\"url\":\"https:\\\/\\\/soscranes.org\\\/\",\"logo\":{\"@type\":\"ImageObject\",\"inLanguage\":\"es\",\"@id\":\"https:\\\/\\\/soscranes.org\\\/#\\\/schema\\\/logo\\\/image\\\/\",\"url\":\"https:\\\/\\\/soscranes.org\\\/wp-content\\\/uploads\\\/2014\\\/11\\\/SOS-Cranes-logo.png\",\"contentUrl\":\"https:\\\/\\\/soscranes.org\\\/wp-content\\\/uploads\\\/2014\\\/11\\\/SOS-Cranes-logo.png\",\"width\":138,\"height\":138,\"caption\":\"SOS Cranes\"},\"image\":{\"@id\":\"https:\\\/\\\/soscranes.org\\\/#\\\/schema\\\/logo\\\/image\\\/\"},\"sameAs\":[\"https:\\\/\\\/www.facebook.com\\\/soscranes\\\/\"]}]}<\/script>\n<!-- \/ Yoast SEO plugin. -->","yoast_head_json":{"title":"Visit the Cranes - SOS Cranes","robots":{"index":"index","follow":"follow","max-snippet":"max-snippet:-1","max-image-preview":"max-image-preview:large","max-video-preview":"max-video-preview:-1"},"canonical":"https:\/\/soscranes.org\/es\/visit-the-cranes\/","og_locale":"es_MX","og_type":"article","og_title":"Visit the Cranes - SOS Cranes","og_url":"https:\/\/soscranes.org\/es\/visit-the-cranes\/","og_site_name":"SOS Cranes","article_publisher":"https:\/\/www.facebook.com\/soscranes\/","article_modified_time":"2025-04-25T22:51:54+00:00","twitter_card":"summary_large_image","twitter_misc":{"Tiempo de lectura":"1 minuto"},"schema":{"@context":"https:\/\/schema.org","@graph":[{"@type":"WebPage","@id":"https:\/\/soscranes.org\/visit-the-cranes\/","url":"https:\/\/soscranes.org\/visit-the-cranes\/","name":"Visit the Cranes - SOS Cranes","isPartOf":{"@id":"https:\/\/soscranes.org\/#website"},"datePublished":"2014-11-20T04:27:34+00:00","dateModified":"2025-04-25T22:51:54+00:00","breadcrumb":{"@id":"https:\/\/soscranes.org\/visit-the-cranes\/#breadcrumb"},"inLanguage":"es","potentialAction":[{"@type":"ReadAction","target":["https:\/\/soscranes.org\/visit-the-cranes\/"]}]},{"@type":"BreadcrumbList","@id":"https:\/\/soscranes.org\/visit-the-cranes\/#breadcrumb","itemListElement":[{"@type":"ListItem","position":1,"name":"Home","item":"https:\/\/soscranes.org\/"},{"@type":"ListItem","position":2,"name":"Visit the Cranes"}]},{"@type":"WebSite","@id":"https:\/\/soscranes.org\/#website","url":"https:\/\/soscranes.org\/","name":"SOS Gr\u00faas","description":"Save Our Sandhill Cranes","publisher":{"@id":"https:\/\/soscranes.org\/#organization"},"potentialAction":[{"@type":"SearchAction","target":{"@type":"EntryPoint","urlTemplate":"https:\/\/soscranes.org\/?s={search_term_string}"},"query-input":{"@type":"PropertyValueSpecification","valueRequired":true,"valueName":"search_term_string"}}],"inLanguage":"es"},{"@type":"Organization","@id":"https:\/\/soscranes.org\/#organization","name":"SOS Gr\u00faas","url":"https:\/\/soscranes.org\/","logo":{"@type":"ImageObject","inLanguage":"es","@id":"https:\/\/soscranes.org\/#\/schema\/logo\/image\/","url":"https:\/\/soscranes.org\/wp-content\/uploads\/2014\/11\/SOS-Cranes-logo.png","contentUrl":"https:\/\/soscranes.org\/wp-content\/uploads\/2014\/11\/SOS-Cranes-logo.png","width":138,"height":138,"caption":"SOS Cranes"},"image":{"@id":"https:\/\/soscranes.org\/#\/schema\/logo\/image\/"},"sameAs":["https:\/\/www.facebook.com\/soscranes\/"]}]}},"_links":{"self":[{"href":"https:\/\/soscranes.org\/es\/wp-json\/wp\/v2\/pages\/839","targetHints":{"allow":["GET"]}}],"collection":[{"href":"https:\/\/soscranes.org\/es\/wp-json\/wp\/v2\/pages"}],"about":[{"href":"https:\/\/soscranes.org\/es\/wp-json\/wp\/v2\/types\/page"}],"author":[{"embeddable":true,"href":"https:\/\/soscranes.org\/es\/wp-json\/wp\/v2\/users\/1"}],"replies":[{"embeddable":true,"href":"https:\/\/soscranes.org\/es\/wp-json\/wp\/v2\/comments?post=839"}],"version-history":[{"count":5,"href":"https:\/\/soscranes.org\/es\/wp-json\/wp\/v2\/pages\/839\/revisions"}],"predecessor-version":[{"id":2551,"href":"https:\/\/soscranes.org\/es\/wp-json\/wp\/v2\/pages\/839\/revisions\/2551"}],"wp:attachment":[{"href":"https:\/\/soscranes.org\/es\/wp-json\/wp\/v2\/media?parent=839"}],"curies":[{"name":"wp","href":"https:\/\/api.w.org\/{rel}","templated":true}]}}