{"id":837,"date":"2014-11-20T04:26:08","date_gmt":"2014-11-20T04:26:08","guid":{"rendered":"http:\/\/www.designforgetest.biz\/soscranes\/?page_id=837"},"modified":"2025-04-25T15:43:42","modified_gmt":"2025-04-25T22:43:42","slug":"threats-to-cranes","status":"publish","type":"page","link":"https:\/\/soscranes.org\/es\/sandhill-cranes\/threats-to-cranes\/","title":{"rendered":"Las amenazas a las Gr\u00faas"},"content":{"rendered":"<div class=\"wpb-content-wrapper\"><div class=\"vc_row wpb_row vc_row-fluid\"><div class=\"wpb_column vc_column_container vc_col-sm-12\"><div class=\"vc_column-inner\"><div class=\"wpb_wrapper\"><div class=\"vc_row wpb_row vc_inner vc_row-fluid\"><div class=\"wpb_column vc_column_container vc_col-sm-12\"><div class=\"vc_column-inner\"><div class=\"wpb_wrapper\"><h1 style=\"color: #B13A4C;text-align: left\" class=\"vc_custom_heading default\">Las amenazas a las Gr\u00faas<\/h1><\/div><\/div><\/div><\/div><div class=\"vc_row wpb_row vc_inner vc_row-fluid\"><div class=\"wpb_column vc_column_container vc_col-sm-12\"><div class=\"vc_column-inner\"><div class=\"wpb_wrapper\">\n\t<div  class=\"wpb_single_image wpb_content_element vc_align_left wpb_content_element\">\n\t\t\n\t\t<figure class=\"wpb_wrapper vc_figure\">\n\t\t\t<div class=\"vc_single_image-wrapper vc_box_shadow_border  vc_box_border_grey\"><img loading=\"lazy\" decoding=\"async\" width=\"2200\" height=\"900\" src=\"https:\/\/soscranes.org\/wp-content\/uploads\/2014\/11\/sandhill-cranes-tres-amigos.jpg\" class=\"vc_single_image-img attachment-full\" alt=\"\" title=\"grus-gr\u00faas-tres-amigos\" srcset=\"https:\/\/soscranes.org\/wp-content\/uploads\/2014\/11\/sandhill-cranes-tres-amigos.jpg 2200w, https:\/\/soscranes.org\/wp-content\/uploads\/2014\/11\/sandhill-cranes-tres-amigos-300x122.jpg 300w, https:\/\/soscranes.org\/wp-content\/uploads\/2014\/11\/sandhill-cranes-tres-amigos-1024x418.jpg 1024w\" sizes=\"auto, (max-width: 2200px) 100vw, 2200px\" \/><\/div>\n\t\t<\/figure>\n\t<\/div>\n<\/div><\/div><\/div><\/div><\/div><\/div><\/div><\/div><div class=\"vc_row wpb_row vc_row-fluid\"><div class=\"wpb_column vc_column_container vc_col-sm-12\"><div class=\"vc_column-inner\"><div class=\"wpb_wrapper\">\n\t<div class=\"wpb_text_column wpb_content_element\" >\n\t\t<div class=\"wpb_wrapper\">\n\t\t\t<h3 style=\"text-align: left;\">La P\u00e9rdida De H\u00e1bitat<\/h3>\n<p style=\"text-align: left;\">Gr\u00faas y otros animales est\u00e1n estresados por muchas amenazas tales como la depredaci\u00f3n por parte de los seres humanos, la enfermedad y la contaminaci\u00f3n. La p\u00e9rdida de h\u00e1bitat, sin embargo, es por lejos la mayor amenaza. Grulla son particularmente sensibles a esta amenaza, debido a que tienen especiales necesidades de h\u00e1bitat. Ellos requieren de descanso, as\u00ed como h\u00e1bitat de alimentaci\u00f3n. Se gallinero (estancia de la noche) en los humedales, pero se alimentan en los campos agr\u00edcolas que han sido cosechadas. Gr\u00faas algunas veces se alimentan de graslands, pero ellos prefieren el ma\u00edz, arroz, alfalfa, o los campos de trigo. Estos campos deben estar dentro de una distancia razonable de los sitios de descanso, que proporcionan un lugar seguro para pasar la noche. Algunos de los mejores ejemplos de la gr\u00faa h\u00e1bitat puede ser visto en la <a href=\"http:\/\/www.cosumnes.org\" target=\"_blank\" rel=\"noopener\">Cosumnes River Preserve<\/a> y los vecinos de las tierras agr\u00edcolas.<\/p>\n<h4 style=\"text-align: left;\">Cu\u00e1nto espacio abierto a hacer grullas de necesidad?<\/h4>\n<p style=\"text-align: left;\">Los visitantes a la Cosumnes River Preserve son a menudo sorprendido por lo f\u00e1cil que es para ver las gr\u00faas, y puede err\u00f3neamente a la conclusi\u00f3n de que su abundancia en la reserva es una indicaci\u00f3n de un pr\u00f3spero y pujante de la poblaci\u00f3n. Este puede no ser el caso, como el hacinamiento, en general, pone ninguna poblaci\u00f3n silvestre a un mayor riesgo de enfermedad.<\/p>\n<p style=\"text-align: left;\">Aunque no se sabe exactamente la cantidad de tierra que se necesita para proporcionar un espacio adecuado para una poblaci\u00f3n sana de gr\u00faas, el hecho de que el hacinamiento ya est\u00e1 ocurriendo indica cu\u00e1n importante es centrarse en la preservaci\u00f3n de los espacios abiertos y del resto de la gr\u00faa de h\u00e1bitat para las generaciones futuras de las gr\u00faas y las personas.<\/p>\n<h4 style=\"text-align: left;\"><strong>Hay dos principales amenazas a la Sandhill Crane h\u00e1bitat en el Valle Central de hoy:<\/strong><\/h4>\n<ol style=\"text-align: left;\">\n<li>La conversi\u00f3n de grandes extensiones de tierra agr\u00edcola y abrir espacio a moderada o baja densidad de viviendas residenciales.<\/li>\n<li>La conversi\u00f3n de la tierra que se utilizan actualmente para el campo de la agricultura para el nuevo uso de vi\u00f1edos, huertos y granjas de c\u00e9sped.<\/li>\n<\/ol>\n<h5 style=\"text-align: left; padding-left: 30px;\">Desarrollo Urbano<\/h5>\n<div style=\"text-align: left; padding-left: 30px;\" align=\"justify\">\n<p style=\"text-align: left;\">Cuando el espacio abierto que se utilizan ahora como gr\u00faa de h\u00e1bitat se convierte a cualquier tipo de desarrollo urbano es claramente un caso perdido de las gr\u00faas. Esta conversi\u00f3n se produce normalmente como resultado del uso de la tierra decisiones por las ciudades o en el condado o en nuestro Local de la Agencia de Formaci\u00f3n de la Comisi\u00f3n (LAFCo). SOS Gr\u00faas intenta lidiar con este tipo de conversiones en una base de caso por caso cuando nos puede ofrecer informaci\u00f3n \u00fatil que puede ser considerado en el proceso de revisi\u00f3n.<\/p>\n<p>La expansi\u00f3n urbana desarrollos tienden a tener un mont\u00f3n de atenci\u00f3n. Habr\u00e1 audiencias p\u00fablicas, la cobertura de los medios y, a veces, un vigoroso debate p\u00fablico. Sin embargo, hay otros usos de la tierra decisiones que pueden resultar en una enorme p\u00e9rdida de h\u00e1bitat, pero ocurren bajo el radar y muy poco la atenci\u00f3n del p\u00fablico. Por ejemplo, la Ciudad de Galt es en el proceso de actualizaci\u00f3n de su plan general, y est\u00e1 realizando una ampliaci\u00f3n de su Esfera de Influencia para incluir el desarrollo futuro de las sensibles \u00e1reas de h\u00e1bitats cr\u00edticos para la supervivencia de la grulla y otras especies protegidas como el zorzal de Swainson Halc\u00f3n, y el Gigante de la Liga de la Serpiente.<\/p>\n<p>Esta propuesta de expansi\u00f3n y desarrollo es incompatible con LAFCo los objetivos de crecimiento inteligente. No s\u00f3lo el impacto de los h\u00e1bitat cr\u00edticos, pero tambi\u00e9n limitar las opciones para el tratamiento de aguas residuales de expansi\u00f3n para el crecimiento sostenible de la Ciudad, de la unidad de gastos existentes Galt los ciudadanos, y crear m\u00e1s expansi\u00f3n suburbana alejado del centro de Galt coraz\u00f3n de la ciudad. Pr\u00e1cticamente nadie que viven fuera de Galt presta atenci\u00f3n a este proceso, pero si usted vive en el Valle de Sacramento y la atenci\u00f3n acerca de h\u00e1bitat para la fauna, esto puede tener un gran impacto en sus intereses.<\/p>\n<p style=\"text-align: left;\">Lo mismo puede decirse sobre el intento actual de la Ciudad de Elk Grove y ampliar su Esfera de Influencia hacia el sur, en el espacio abierto (incluyendo la Cosumnes River 200 a\u00f1os de llanura de inundaci\u00f3n) y de tierras agr\u00edcolas. Quieren agregar alrededor de 7.000 hect\u00e1reas de la ciudad para acomodar el crecimiento proyectado, mientras que hay alrededor de 6.000 hect\u00e1reas de suelo no urbanizable, dentro de los l\u00edmites de la ciudad. Los existentes en suelo no urbanizable dentro de los l\u00edmites de la ciudad ya tiene m\u00e1s de lo necesario y pagado de la infraestructura, mientras que las tierras rurales que quieren expandirse en no. Apenas fuera uno de Elk Grove est\u00e1 preocupado acerca de esto. Una excepci\u00f3n, por supuesto, es la poblaci\u00f3n de las zonas rurales alrededor de Wilton que dicen, \"Wilton es un gran lugar para vivir. Elk Grove piensa as\u00ed!\"<\/p>\n<h5>Vi\u00f1edos \/ Huertos<\/h5>\n<div align=\"justify\">Grulla y otras especies de fauna silvestre debe depender de propiedad privada de las tierras agr\u00edcolas por muchas razones. En primer lugar, la mayor\u00eda de los utilizable espacio abierto para la mayor\u00eda de las gr\u00faas y de fauna silvestre es una empresa privada de tierras agr\u00edcolas. En segundo lugar, para gr\u00faas, la fuente de gran parte de sus alimentos de los residuos de granos como el ma\u00edz, el arroz y el trigo que se cultiva en la tierra. Pero no todas las tierras agr\u00edcolas es la bienvenida a las grullas.La conversi\u00f3n de tierras utilizadas para la siembra de cultivos como el ma\u00edz o el trigo a los vi\u00f1edos o los huertos no es visto por muchas personas como un tratamiento para las gr\u00faas. Ven a espacio abierto convierte de un uso agr\u00edcola a otro. Parece bastante inocente y todo el espacio abierto es bueno, \u00bfverdad? Mal. Un vi\u00f1edo es una trampa mortal para las gr\u00faas. Con sus seis pies ala abarca no pueden aterrizar y despegar de vi\u00f1edos. Adem\u00e1s, ellos no est\u00e1n interesados en ir all\u00ed porque no hay nada para comer. Casi lo mismo es cierto para los huertos.Una nueva amenaza para la gr\u00faa del h\u00e1bitat es la conversi\u00f3n de tierras agr\u00edcolas a las granjas de c\u00e9sped. Esto crea un monocultivo con poco o ning\u00fan valor para gr\u00faas.<\/div>\n<\/div>\n<hr \/>\n<h3 style=\"text-align: left;\">El Cambio clim\u00e1tico y la grulla<\/h3>\n<p style=\"text-align: left;\">El cambio clim\u00e1tico es a menudo referido como \"Calentamiento Global\". Muchos cient\u00edficos, sin embargo, creen que es mejor evaluado por expertos como \"Rareza Mundial.\" Enorme el cambio clim\u00e1tico, como est\u00e1 sucediendo ahora, puede llevar a muchos inesperado y extra\u00f1o de los cambios. Mientras que la mayor\u00eda de los lugares donde puede obtener m\u00e1s c\u00e1lido, en algunos lugares se volver\u00e1n m\u00e1s h\u00famedas, mientras que algunos se volver\u00e1n m\u00e1s secas. El microclima de los cambios son impredecibles. Las plantas y la vida silvestre tendr\u00e1 ganadores y perdedores. Al principio puede parecer que el clima m\u00e1s c\u00e1lido ser\u00e1 beneficioso para las gr\u00faas. Podr\u00eda extender su temporada de cr\u00eda y reducir la distancia que necesitan para volar hacia el sur para buscar la protecci\u00f3n de matar el fr\u00edo. Sin embargo, al mismo tiempo que puede diezmar algunas de las fuentes de sus alimentos. Este tratamiento tendr\u00e1 que ser vigilado de cerca a medida que se desarrolla.<\/p>\n<hr \/>\n<h3 style=\"text-align: left;\">La Escasez De Agua<\/h3>\n<div style=\"text-align: left;\" align=\"justify\">Desde el Sandhill crane es un humedal de aves, la escasez de agua son relevantes para \u00e9l. Sin embargo, la Sandhill crane es especialmente sensible a la p\u00e9rdida de los humedales debido a su inusual dormidero de comportamiento. Cuando estos cranes roost en la noche deben estar en el agua poco profunda con el largo de las l\u00edneas de visi\u00f3n. Esta es una adaptaci\u00f3n especial que ha permitido la grulla para sobrevivir durante cientos de miles de a\u00f1os. Cuando la gr\u00faa se duerme en el agua poco profunda con el largo de las l\u00edneas de visi\u00f3n que est\u00e1 a salvo de predadores mam\u00edferos. Aguas poco profundas, cerca de tres a ocho pulgadas de profundidad, es s\u00f3lo la parte de las piernas de estos altura de las aves. Sin embargo, esa misma agua que es casi hasta el vientre de un coyote! As\u00ed que un coyote tratando de acechar a una gr\u00faa va a hacer un mont\u00f3n de ruido, ser bastante inc\u00f3modo, y, probablemente, simplemente olvidarse de \u00e9l. Esta adaptaci\u00f3n de la t\u00e9cnica depende de la disponibilidad de grandes cuerpos de agua poco profunda. Los campos de arroz, por ejemplo, son ideales si se inunda en la \u00e9poca de invierno despu\u00e9s de la cosecha. Los agricultores de arroz que se utiliza para quemar el rastrojo de arroz despu\u00e9s de la cosecha han encontrado que la inundaci\u00f3n de sus campos, no s\u00f3lo ayuda a descomponer la problem\u00e1tica rastrojo de arroz, pero es compatible con la supervivencia de los animales silvestres. Este ejemplo de \"vida silvestre compatible con la agricultura\" es una situaci\u00f3n de ganar-ganar.<\/div>\n\n\t\t<\/div>\n\t<\/div>\n<\/div><\/div><\/div><\/div>\n<\/div>","protected":false},"excerpt":{"rendered":"Threats to Cranes Habitat Loss Cranes and other wildlife are stressed by many threats such as predation by humans, sickness, and pollution.\u00a0 Habitat loss, however, is by far the greatest threat. \u00a0Sandhill cranes are particularly sensitive to this threat because they have special habitat needs. They require roosting as well as feeding habitat. They roost [...]","protected":false},"author":1,"featured_media":0,"parent":833,"menu_order":3,"comment_status":"closed","ping_status":"closed","template":"","meta":{"footnotes":""},"class_list":["post-837","page","type-page","status-publish","hentry","clearfix"],"yoast_head":"<!-- This site is optimized with the Yoast SEO plugin v27.6 - https:\/\/yoast.com\/product\/yoast-seo-wordpress\/ -->\n<title>Threats to Cranes - SOS Cranes<\/title>\n<meta name=\"robots\" content=\"index, follow, max-snippet:-1, max-image-preview:large, max-video-preview:-1\" \/>\n<link rel=\"canonical\" href=\"https:\/\/soscranes.org\/es\/sandhill-cranes\/threats-to-cranes\/\" \/>\n<meta property=\"og:locale\" content=\"es_MX\" \/>\n<meta property=\"og:type\" content=\"article\" \/>\n<meta property=\"og:title\" content=\"Threats to Cranes - SOS Cranes\" \/>\n<meta property=\"og:url\" content=\"https:\/\/soscranes.org\/es\/sandhill-cranes\/threats-to-cranes\/\" \/>\n<meta property=\"og:site_name\" content=\"SOS Cranes\" \/>\n<meta property=\"article:publisher\" content=\"https:\/\/www.facebook.com\/soscranes\/\" \/>\n<meta property=\"article:modified_time\" content=\"2025-04-25T22:43:42+00:00\" \/>\n<meta name=\"twitter:card\" content=\"summary_large_image\" \/>\n<meta name=\"twitter:label1\" content=\"Tiempo de lectura\" \/>\n\t<meta name=\"twitter:data1\" content=\"6 minutos\" \/>\n<script type=\"application\/ld+json\" class=\"yoast-schema-graph\">{\"@context\":\"https:\\\/\\\/schema.org\",\"@graph\":[{\"@type\":\"WebPage\",\"@id\":\"https:\\\/\\\/soscranes.org\\\/sandhill-cranes\\\/threats-to-cranes\\\/\",\"url\":\"https:\\\/\\\/soscranes.org\\\/sandhill-cranes\\\/threats-to-cranes\\\/\",\"name\":\"Threats to Cranes - SOS Cranes\",\"isPartOf\":{\"@id\":\"https:\\\/\\\/soscranes.org\\\/#website\"},\"datePublished\":\"2014-11-20T04:26:08+00:00\",\"dateModified\":\"2025-04-25T22:43:42+00:00\",\"breadcrumb\":{\"@id\":\"https:\\\/\\\/soscranes.org\\\/sandhill-cranes\\\/threats-to-cranes\\\/#breadcrumb\"},\"inLanguage\":\"es\",\"potentialAction\":[{\"@type\":\"ReadAction\",\"target\":[\"https:\\\/\\\/soscranes.org\\\/sandhill-cranes\\\/threats-to-cranes\\\/\"]}]},{\"@type\":\"BreadcrumbList\",\"@id\":\"https:\\\/\\\/soscranes.org\\\/sandhill-cranes\\\/threats-to-cranes\\\/#breadcrumb\",\"itemListElement\":[{\"@type\":\"ListItem\",\"position\":1,\"name\":\"Home\",\"item\":\"https:\\\/\\\/soscranes.org\\\/\"},{\"@type\":\"ListItem\",\"position\":2,\"name\":\"Sandhill Cranes\",\"item\":\"https:\\\/\\\/soscranes.org\\\/sandhill-cranes\\\/\"},{\"@type\":\"ListItem\",\"position\":3,\"name\":\"Threats to Cranes\"}]},{\"@type\":\"WebSite\",\"@id\":\"https:\\\/\\\/soscranes.org\\\/#website\",\"url\":\"https:\\\/\\\/soscranes.org\\\/\",\"name\":\"SOS Cranes\",\"description\":\"Save Our Sandhill Cranes\",\"publisher\":{\"@id\":\"https:\\\/\\\/soscranes.org\\\/#organization\"},\"potentialAction\":[{\"@type\":\"SearchAction\",\"target\":{\"@type\":\"EntryPoint\",\"urlTemplate\":\"https:\\\/\\\/soscranes.org\\\/?s={search_term_string}\"},\"query-input\":{\"@type\":\"PropertyValueSpecification\",\"valueRequired\":true,\"valueName\":\"search_term_string\"}}],\"inLanguage\":\"es\"},{\"@type\":\"Organization\",\"@id\":\"https:\\\/\\\/soscranes.org\\\/#organization\",\"name\":\"SOS Cranes\",\"url\":\"https:\\\/\\\/soscranes.org\\\/\",\"logo\":{\"@type\":\"ImageObject\",\"inLanguage\":\"es\",\"@id\":\"https:\\\/\\\/soscranes.org\\\/#\\\/schema\\\/logo\\\/image\\\/\",\"url\":\"https:\\\/\\\/soscranes.org\\\/wp-content\\\/uploads\\\/2014\\\/11\\\/SOS-Cranes-logo.png\",\"contentUrl\":\"https:\\\/\\\/soscranes.org\\\/wp-content\\\/uploads\\\/2014\\\/11\\\/SOS-Cranes-logo.png\",\"width\":138,\"height\":138,\"caption\":\"SOS Cranes\"},\"image\":{\"@id\":\"https:\\\/\\\/soscranes.org\\\/#\\\/schema\\\/logo\\\/image\\\/\"},\"sameAs\":[\"https:\\\/\\\/www.facebook.com\\\/soscranes\\\/\"]}]}<\/script>\n<!-- \/ Yoast SEO plugin. -->","yoast_head_json":{"title":"Threats to Cranes - SOS Cranes","robots":{"index":"index","follow":"follow","max-snippet":"max-snippet:-1","max-image-preview":"max-image-preview:large","max-video-preview":"max-video-preview:-1"},"canonical":"https:\/\/soscranes.org\/es\/sandhill-cranes\/threats-to-cranes\/","og_locale":"es_MX","og_type":"article","og_title":"Threats to Cranes - SOS Cranes","og_url":"https:\/\/soscranes.org\/es\/sandhill-cranes\/threats-to-cranes\/","og_site_name":"SOS Cranes","article_publisher":"https:\/\/www.facebook.com\/soscranes\/","article_modified_time":"2025-04-25T22:43:42+00:00","twitter_card":"summary_large_image","twitter_misc":{"Tiempo de lectura":"6 minutos"},"schema":{"@context":"https:\/\/schema.org","@graph":[{"@type":"WebPage","@id":"https:\/\/soscranes.org\/sandhill-cranes\/threats-to-cranes\/","url":"https:\/\/soscranes.org\/sandhill-cranes\/threats-to-cranes\/","name":"Threats to Cranes - SOS Cranes","isPartOf":{"@id":"https:\/\/soscranes.org\/#website"},"datePublished":"2014-11-20T04:26:08+00:00","dateModified":"2025-04-25T22:43:42+00:00","breadcrumb":{"@id":"https:\/\/soscranes.org\/sandhill-cranes\/threats-to-cranes\/#breadcrumb"},"inLanguage":"es","potentialAction":[{"@type":"ReadAction","target":["https:\/\/soscranes.org\/sandhill-cranes\/threats-to-cranes\/"]}]},{"@type":"BreadcrumbList","@id":"https:\/\/soscranes.org\/sandhill-cranes\/threats-to-cranes\/#breadcrumb","itemListElement":[{"@type":"ListItem","position":1,"name":"Home","item":"https:\/\/soscranes.org\/"},{"@type":"ListItem","position":2,"name":"Sandhill Cranes","item":"https:\/\/soscranes.org\/sandhill-cranes\/"},{"@type":"ListItem","position":3,"name":"Threats to Cranes"}]},{"@type":"WebSite","@id":"https:\/\/soscranes.org\/#website","url":"https:\/\/soscranes.org\/","name":"SOS Gr\u00faas","description":"Save Our Sandhill Cranes","publisher":{"@id":"https:\/\/soscranes.org\/#organization"},"potentialAction":[{"@type":"SearchAction","target":{"@type":"EntryPoint","urlTemplate":"https:\/\/soscranes.org\/?s={search_term_string}"},"query-input":{"@type":"PropertyValueSpecification","valueRequired":true,"valueName":"search_term_string"}}],"inLanguage":"es"},{"@type":"Organization","@id":"https:\/\/soscranes.org\/#organization","name":"SOS Gr\u00faas","url":"https:\/\/soscranes.org\/","logo":{"@type":"ImageObject","inLanguage":"es","@id":"https:\/\/soscranes.org\/#\/schema\/logo\/image\/","url":"https:\/\/soscranes.org\/wp-content\/uploads\/2014\/11\/SOS-Cranes-logo.png","contentUrl":"https:\/\/soscranes.org\/wp-content\/uploads\/2014\/11\/SOS-Cranes-logo.png","width":138,"height":138,"caption":"SOS Cranes"},"image":{"@id":"https:\/\/soscranes.org\/#\/schema\/logo\/image\/"},"sameAs":["https:\/\/www.facebook.com\/soscranes\/"]}]}},"_links":{"self":[{"href":"https:\/\/soscranes.org\/es\/wp-json\/wp\/v2\/pages\/837","targetHints":{"allow":["GET"]}}],"collection":[{"href":"https:\/\/soscranes.org\/es\/wp-json\/wp\/v2\/pages"}],"about":[{"href":"https:\/\/soscranes.org\/es\/wp-json\/wp\/v2\/types\/page"}],"author":[{"embeddable":true,"href":"https:\/\/soscranes.org\/es\/wp-json\/wp\/v2\/users\/1"}],"replies":[{"embeddable":true,"href":"https:\/\/soscranes.org\/es\/wp-json\/wp\/v2\/comments?post=837"}],"version-history":[{"count":10,"href":"https:\/\/soscranes.org\/es\/wp-json\/wp\/v2\/pages\/837\/revisions"}],"predecessor-version":[{"id":2546,"href":"https:\/\/soscranes.org\/es\/wp-json\/wp\/v2\/pages\/837\/revisions\/2546"}],"up":[{"embeddable":true,"href":"https:\/\/soscranes.org\/es\/wp-json\/wp\/v2\/pages\/833"}],"wp:attachment":[{"href":"https:\/\/soscranes.org\/es\/wp-json\/wp\/v2\/media?parent=837"}],"curies":[{"name":"wp","href":"https:\/\/api.w.org\/{rel}","templated":true}]}}