{"id":833,"date":"2014-11-20T04:24:04","date_gmt":"2014-11-20T04:24:04","guid":{"rendered":"http:\/\/www.designforgetest.biz\/soscranes\/?page_id=833"},"modified":"2025-04-25T15:36:47","modified_gmt":"2025-04-25T22:36:47","slug":"sandhill-cranes","status":"publish","type":"page","link":"https:\/\/soscranes.org\/es\/sandhill-cranes\/","title":{"rendered":"Grulla"},"content":{"rendered":"<div class=\"wpb-content-wrapper\"><div class=\"vc_row wpb_row vc_row-fluid\"><div class=\"wpb_column vc_column_container vc_col-sm-12\"><div class=\"vc_column-inner\"><div class=\"wpb_wrapper\"><h1 style=\"color: #B13A4C;text-align: left\" class=\"vc_custom_heading default\">Grulla<\/h1><div class=\"vc_row wpb_row vc_inner vc_row-fluid\"><div class=\"wpb_column vc_column_container vc_col-sm-6\"><div class=\"vc_column-inner\"><div class=\"wpb_wrapper\">\n\t<div class=\"wpb_text_column wpb_content_element\" >\n\t\t<div class=\"wpb_wrapper\">\n\t\t\t<h2>Un poco acerca de la grulla...<\/h2>\n<p>El <strong>Sandhill Crane<\/strong> (<strong><em>Grus canadensis<\/em><\/strong>es una gran gr\u00faa de Am\u00e9rica del Norte y extremo noreste de Siberia.<\/p>\n<p><strong>Tiene uno de los m\u00e1s antiguos f\u00f3siles historias de cualquier existentes de aves.<\/strong> 10 millones de a\u00f1os de la gr\u00faa f\u00f3siles de Nebraska a menudo se cita de esta especie, pero esto puede ser desde un prehist\u00f3ricos familiar o antepasado directo de la Sandhill Crane y no puede pertenecer en el g\u00e9nero Grus. La m\u00e1s antigua inequ\u00edvoco de Sandhill Crane f\u00f3sil es \"s\u00f3lo\" de 2,5 millones de a\u00f1os de antig\u00fcedad, m\u00e1s de una y media veces mayores que los primeros restos de la mayor\u00eda de las especies de aves que viven, que se encuentran principalmente despu\u00e9s del Plioceno\/Pleistoceno l\u00edmite de unos 1,8 millones de a\u00f1os.<\/p>\n\n\t\t<\/div>\n\t<\/div>\n<\/div><\/div><\/div><div class=\"wpb_column vc_column_container vc_col-sm-6\"><div class=\"vc_column-inner\"><div class=\"wpb_wrapper\">\n\t<div  class=\"wpb_single_image wpb_content_element vc_align_left wpb_content_element\">\n\t\t\n\t\t<figure class=\"wpb_wrapper vc_figure\">\n\t\t\t<div class=\"vc_single_image-wrapper vc_box_shadow_border  vc_box_border_grey\"><img loading=\"lazy\" decoding=\"async\" width=\"750\" height=\"1000\" src=\"https:\/\/soscranes.org\/wp-content\/uploads\/2025\/04\/Sandhill-Cranes-Sidebar-2.jpg\" class=\"vc_single_image-img attachment-full\" alt=\"\" title=\"Grus-Gr\u00faas-Sidebar-2\" srcset=\"https:\/\/soscranes.org\/wp-content\/uploads\/2025\/04\/Sandhill-Cranes-Sidebar-2.jpg 750w, https:\/\/soscranes.org\/wp-content\/uploads\/2025\/04\/Sandhill-Cranes-Sidebar-2-225x300.jpg 225w\" sizes=\"auto, (max-width: 750px) 100vw, 750px\" \/><\/div>\n\t\t<\/figure>\n\t<\/div>\n<\/div><\/div><\/div><\/div><\/div><\/div><\/div><\/div><div class=\"vc_row wpb_row vc_row-fluid\"><div class=\"wpb_column vc_column_container vc_col-sm-12\"><div class=\"vc_column-inner\"><div class=\"wpb_wrapper\">\n\t<div class=\"wpb_text_column wpb_content_element\" >\n\t\t<div class=\"wpb_wrapper\">\n\t\t\t<h3>Gr\u00faa Hechos<\/h3>\n<ul>\n<li id=\"yui_3_13_0_1_1383314908007_24489\">Ferozmente leales a su dormidero y \u00e1reas de forraje, la m\u00e1s antigua existente de especies de aves, por lo que este uso podr\u00eda volver a millones de a\u00f1os.<\/li>\n<li id=\"yui_3_13_0_1_1383314908007_24482\"><span id=\"yui_3_13_0_1_1383314908007_24487\">La historia de vida de la gr\u00faa gira en torno a la unidad familiar; cuando vea una gran bandada de grullas, lo que realmente est\u00e1 viendo es a numerosas familias.<\/span><\/li>\n<li id=\"yui_3_13_0_1_1383314908007_24483\"><span id=\"yui_3_13_0_1_1383314908007_24484\">La gr\u00faa de la llamada es considerada una de la m\u00e1s amplia gama de cualquier ave llamada, que permite a estas aves para mantener sus unidades de la familia juntos.<\/span><\/li>\n<li id=\"yui_3_13_0_1_1383314908007_24486\"><span id=\"yui_3_13_0_1_1383314908007_24485\">Cuando usted est\u00e1 hablando acerca de los impactos de ruido de la construcci\u00f3n, que significa la interrupci\u00f3n de este medio de comunicaci\u00f3n importante para mantener a la familia unida.<\/span><\/li>\n<li id=\"yui_3_13_0_1_1383314908007_24493\">La mayor sandhill crane rara vez alimenta a m\u00e1s de dos millas de su gallinero sitio, por lo que la perturbaci\u00f3n en cualquier lugar en este rango potencialmente tienen importantes impactos negativos debido a que esta especie limitada utilizaci\u00f3n del paisaje.<\/li>\n<li id=\"yui_3_13_0_1_1383314908007_24495\"><span id=\"yui_3_13_0_1_1383314908007_24494\">La causa n\u00famero uno de mortalidad en nuestra regi\u00f3n es el de las aves llamativas l\u00edneas de transmisi\u00f3n.<\/span><\/li>\n<li id=\"yui_3_13_0_1_1383314908007_24497\">Cualquier interrupci\u00f3n de la probable causa de estr\u00e9s, lo que podr\u00eda resultar en la reducci\u00f3n de la cr\u00eda de \u00e9xito cuando regresan del norte para la reproducci\u00f3n y anidaci\u00f3n.<\/li>\n<li id=\"yui_3_13_0_1_1383314908007_24499\"><span id=\"yui_3_13_0_1_1383314908007_24498\">El original de la decadencia de la mayor de las dunas de arena en California fue debido a los primeros mineros en las estribaciones que cazaban y com\u00edan ellos \u2013 ir\u00f3nico que el siguiente California legado, la propuesta de doble agua de los t\u00faneles, podr\u00eda revertir en una mejora de la tendencia de la poblaci\u00f3n.<\/span><\/li>\n<\/ul>\n\n\t\t<\/div>\n\t<\/div>\n<\/div><\/div><\/div><\/div>\n<\/div>","protected":false},"excerpt":{"rendered":"Sandhill Cranes A little about Sandhill Cranes... The Sandhill Crane (Grus canadensis) is a large crane of North America and extreme northeastern Siberia. It has one of the longest fossil histories of any extant bird. A 10-million-year-old crane fossil from Nebraska is often cited as being of this species, but this may be from a [...]","protected":false},"author":1,"featured_media":0,"parent":0,"menu_order":3,"comment_status":"closed","ping_status":"closed","template":"","meta":{"footnotes":""},"class_list":["post-833","page","type-page","status-publish","hentry","clearfix"],"yoast_head":"<!-- This site is optimized with the Yoast SEO plugin v27.6 - https:\/\/yoast.com\/product\/yoast-seo-wordpress\/ -->\n<title>Sandhill Cranes - SOS Cranes<\/title>\n<meta name=\"robots\" content=\"index, follow, max-snippet:-1, max-image-preview:large, max-video-preview:-1\" \/>\n<link rel=\"canonical\" href=\"https:\/\/soscranes.org\/es\/sandhill-cranes\/\" \/>\n<meta property=\"og:locale\" content=\"es_MX\" \/>\n<meta property=\"og:type\" content=\"article\" \/>\n<meta property=\"og:title\" content=\"Sandhill Cranes - SOS Cranes\" \/>\n<meta property=\"og:url\" content=\"https:\/\/soscranes.org\/es\/sandhill-cranes\/\" \/>\n<meta property=\"og:site_name\" content=\"SOS Cranes\" \/>\n<meta property=\"article:publisher\" content=\"https:\/\/www.facebook.com\/soscranes\/\" \/>\n<meta property=\"article:modified_time\" content=\"2025-04-25T22:36:47+00:00\" \/>\n<meta name=\"twitter:card\" content=\"summary_large_image\" \/>\n<meta name=\"twitter:label1\" content=\"Tiempo de lectura\" \/>\n\t<meta name=\"twitter:data1\" content=\"2 minutos\" \/>\n<script type=\"application\/ld+json\" class=\"yoast-schema-graph\">{\"@context\":\"https:\\\/\\\/schema.org\",\"@graph\":[{\"@type\":\"WebPage\",\"@id\":\"https:\\\/\\\/soscranes.org\\\/sandhill-cranes\\\/\",\"url\":\"https:\\\/\\\/soscranes.org\\\/sandhill-cranes\\\/\",\"name\":\"Sandhill Cranes - SOS Cranes\",\"isPartOf\":{\"@id\":\"https:\\\/\\\/soscranes.org\\\/#website\"},\"datePublished\":\"2014-11-20T04:24:04+00:00\",\"dateModified\":\"2025-04-25T22:36:47+00:00\",\"breadcrumb\":{\"@id\":\"https:\\\/\\\/soscranes.org\\\/sandhill-cranes\\\/#breadcrumb\"},\"inLanguage\":\"es\",\"potentialAction\":[{\"@type\":\"ReadAction\",\"target\":[\"https:\\\/\\\/soscranes.org\\\/sandhill-cranes\\\/\"]}]},{\"@type\":\"BreadcrumbList\",\"@id\":\"https:\\\/\\\/soscranes.org\\\/sandhill-cranes\\\/#breadcrumb\",\"itemListElement\":[{\"@type\":\"ListItem\",\"position\":1,\"name\":\"Home\",\"item\":\"https:\\\/\\\/soscranes.org\\\/\"},{\"@type\":\"ListItem\",\"position\":2,\"name\":\"Sandhill Cranes\"}]},{\"@type\":\"WebSite\",\"@id\":\"https:\\\/\\\/soscranes.org\\\/#website\",\"url\":\"https:\\\/\\\/soscranes.org\\\/\",\"name\":\"SOS Cranes\",\"description\":\"Save Our Sandhill Cranes\",\"publisher\":{\"@id\":\"https:\\\/\\\/soscranes.org\\\/#organization\"},\"potentialAction\":[{\"@type\":\"SearchAction\",\"target\":{\"@type\":\"EntryPoint\",\"urlTemplate\":\"https:\\\/\\\/soscranes.org\\\/?s={search_term_string}\"},\"query-input\":{\"@type\":\"PropertyValueSpecification\",\"valueRequired\":true,\"valueName\":\"search_term_string\"}}],\"inLanguage\":\"es\"},{\"@type\":\"Organization\",\"@id\":\"https:\\\/\\\/soscranes.org\\\/#organization\",\"name\":\"SOS Cranes\",\"url\":\"https:\\\/\\\/soscranes.org\\\/\",\"logo\":{\"@type\":\"ImageObject\",\"inLanguage\":\"es\",\"@id\":\"https:\\\/\\\/soscranes.org\\\/#\\\/schema\\\/logo\\\/image\\\/\",\"url\":\"https:\\\/\\\/soscranes.org\\\/wp-content\\\/uploads\\\/2014\\\/11\\\/SOS-Cranes-logo.png\",\"contentUrl\":\"https:\\\/\\\/soscranes.org\\\/wp-content\\\/uploads\\\/2014\\\/11\\\/SOS-Cranes-logo.png\",\"width\":138,\"height\":138,\"caption\":\"SOS Cranes\"},\"image\":{\"@id\":\"https:\\\/\\\/soscranes.org\\\/#\\\/schema\\\/logo\\\/image\\\/\"},\"sameAs\":[\"https:\\\/\\\/www.facebook.com\\\/soscranes\\\/\"]}]}<\/script>\n<!-- \/ Yoast SEO plugin. -->","yoast_head_json":{"title":"Sandhill Cranes - SOS Cranes","robots":{"index":"index","follow":"follow","max-snippet":"max-snippet:-1","max-image-preview":"max-image-preview:large","max-video-preview":"max-video-preview:-1"},"canonical":"https:\/\/soscranes.org\/es\/sandhill-cranes\/","og_locale":"es_MX","og_type":"article","og_title":"Sandhill Cranes - SOS Cranes","og_url":"https:\/\/soscranes.org\/es\/sandhill-cranes\/","og_site_name":"SOS Cranes","article_publisher":"https:\/\/www.facebook.com\/soscranes\/","article_modified_time":"2025-04-25T22:36:47+00:00","twitter_card":"summary_large_image","twitter_misc":{"Tiempo de lectura":"2 minutos"},"schema":{"@context":"https:\/\/schema.org","@graph":[{"@type":"WebPage","@id":"https:\/\/soscranes.org\/sandhill-cranes\/","url":"https:\/\/soscranes.org\/sandhill-cranes\/","name":"Sandhill Cranes - SOS Cranes","isPartOf":{"@id":"https:\/\/soscranes.org\/#website"},"datePublished":"2014-11-20T04:24:04+00:00","dateModified":"2025-04-25T22:36:47+00:00","breadcrumb":{"@id":"https:\/\/soscranes.org\/sandhill-cranes\/#breadcrumb"},"inLanguage":"es","potentialAction":[{"@type":"ReadAction","target":["https:\/\/soscranes.org\/sandhill-cranes\/"]}]},{"@type":"BreadcrumbList","@id":"https:\/\/soscranes.org\/sandhill-cranes\/#breadcrumb","itemListElement":[{"@type":"ListItem","position":1,"name":"Home","item":"https:\/\/soscranes.org\/"},{"@type":"ListItem","position":2,"name":"Sandhill Cranes"}]},{"@type":"WebSite","@id":"https:\/\/soscranes.org\/#website","url":"https:\/\/soscranes.org\/","name":"SOS Gr\u00faas","description":"Save Our Sandhill Cranes","publisher":{"@id":"https:\/\/soscranes.org\/#organization"},"potentialAction":[{"@type":"SearchAction","target":{"@type":"EntryPoint","urlTemplate":"https:\/\/soscranes.org\/?s={search_term_string}"},"query-input":{"@type":"PropertyValueSpecification","valueRequired":true,"valueName":"search_term_string"}}],"inLanguage":"es"},{"@type":"Organization","@id":"https:\/\/soscranes.org\/#organization","name":"SOS Gr\u00faas","url":"https:\/\/soscranes.org\/","logo":{"@type":"ImageObject","inLanguage":"es","@id":"https:\/\/soscranes.org\/#\/schema\/logo\/image\/","url":"https:\/\/soscranes.org\/wp-content\/uploads\/2014\/11\/SOS-Cranes-logo.png","contentUrl":"https:\/\/soscranes.org\/wp-content\/uploads\/2014\/11\/SOS-Cranes-logo.png","width":138,"height":138,"caption":"SOS Cranes"},"image":{"@id":"https:\/\/soscranes.org\/#\/schema\/logo\/image\/"},"sameAs":["https:\/\/www.facebook.com\/soscranes\/"]}]}},"_links":{"self":[{"href":"https:\/\/soscranes.org\/es\/wp-json\/wp\/v2\/pages\/833","targetHints":{"allow":["GET"]}}],"collection":[{"href":"https:\/\/soscranes.org\/es\/wp-json\/wp\/v2\/pages"}],"about":[{"href":"https:\/\/soscranes.org\/es\/wp-json\/wp\/v2\/types\/page"}],"author":[{"embeddable":true,"href":"https:\/\/soscranes.org\/es\/wp-json\/wp\/v2\/users\/1"}],"replies":[{"embeddable":true,"href":"https:\/\/soscranes.org\/es\/wp-json\/wp\/v2\/comments?post=833"}],"version-history":[{"count":11,"href":"https:\/\/soscranes.org\/es\/wp-json\/wp\/v2\/pages\/833\/revisions"}],"predecessor-version":[{"id":2542,"href":"https:\/\/soscranes.org\/es\/wp-json\/wp\/v2\/pages\/833\/revisions\/2542"}],"wp:attachment":[{"href":"https:\/\/soscranes.org\/es\/wp-json\/wp\/v2\/media?parent=833"}],"curies":[{"name":"wp","href":"https:\/\/api.w.org\/{rel}","templated":true}]}}