{"id":748,"date":"2014-11-18T21:49:08","date_gmt":"2014-11-18T21:49:08","guid":{"rendered":"http:\/\/www.designforgetest.biz\/soscranes\/?page_id=748"},"modified":"2025-04-25T15:31:26","modified_gmt":"2025-04-25T22:31:26","slug":"alerts","status":"publish","type":"page","link":"https:\/\/soscranes.org\/es\/about-us\/alerts\/","title":{"rendered":"Alertas"},"content":{"rendered":"<div class=\"wpb-content-wrapper\"><div class=\"vc_row wpb_row vc_row-fluid\"><div class=\"wpb_column vc_column_container vc_col-sm-12\"><div class=\"vc_column-inner\"><div class=\"wpb_wrapper\"><div class=\"vc_row wpb_row vc_inner vc_row-fluid\"><div class=\"wpb_column vc_column_container vc_col-sm-12\"><div class=\"vc_column-inner\"><div class=\"wpb_wrapper\"><h1 style=\"color: #B13A4C;text-align: left\" class=\"vc_custom_heading default\">Alertas<\/h1><\/div><\/div><\/div><\/div><\/div><\/div><\/div><div class=\"wpb_column vc_column_container vc_col-sm-12\"><div class=\"vc_column-inner\"><div class=\"wpb_wrapper\">\n\t<div class=\"wpb_text_column wpb_content_element\" >\n\t\t<div class=\"wpb_wrapper\">\n\t\t\t<h2>NUEVA AMENAZA PARA NUESTRAS GR\u00daAS<\/h2>\n<h3>El agua de los T\u00faneles a trav\u00e9s de Staten Island<\/h3>\n<div class=\"textBoldLarger\">\n<p id=\"yui_3_13_0_ym1_8_1389802775212_23\"><span id=\"yui_3_13_0_ym1_8_1389802775212_30\">Aqu\u00ed es un breve art\u00edculo de International Crane Foundation sitio web describiendo su relaci\u00f3n con el proyecto de construcci\u00f3n de t\u00faneles en Staten Island:\u00a0<\/span><a href=\"http:\/\/www.savingcranes.org\/whats-new\/2013\/09\/icf-research-informs-water-development-in-california\/\" target=\"_blank\" rel=\"noopener noreferrer\">http:\/\/www.savingcranes.org\/whats-new\/2013\/09\/icf-research-informs-water-development-in-california\/<\/a><\/p>\n<\/div>\n<h5>La Informaci\u00f3n de fondo en el Agua de los T\u00faneles y Nuestras Gr\u00faas:<\/h5>\n<p><strong><a href=\"http:\/\/www.sacbee.com\/2013\/09\/01\/5698188\/new-water-tunnel-route-sets-up.html#storylink=cpy\" target=\"_blank\" rel=\"noopener noreferrer\">\"Nuevo t\u00fanel de agua de ruta establece la conservaci\u00f3n de la batalla sobre el Delta de la isla\"<br \/>\n<\/a><\/strong>(publicado en el peri\u00f3dico Sacramento Bee el 1 de Septiembre de 2013 en\u00a0<a href=\"http:\/\/www.savingcranes.org\/whats-new\/2013\/09\/icf-research-informs-water-development-in-california\/\" target=\"_blank\" rel=\"noopener noreferrer\">http:\/\/www.savingcranes.org\/whats-new\/2013\/09\/icf-research-informs-water-development-in-california\/<\/a>)<strong><a href=\"http:\/\/www.sacbee.com\/2013\/09\/01\/5698188\/new-water-tunnel-route-sets-up.html#storylink=cpy\" target=\"_blank\" rel=\"noopener noreferrer\"><br \/>\n<\/a><\/strong><\/p>\n<p><strong><a href=\"http:\/\/www.sacbee.com\/2013\/08\/15\/5652161\/water-plan-may-shift-delta-tunnels.html\" target=\"_blank\" rel=\"noopener noreferrer\">\"El Ojo P\u00fablico: plan de Agua pueden cambiar Delta t\u00faneles\"<br \/>\n<\/a><\/strong>(publicado en el peri\u00f3dico Sacramento Bee en Agosto 16, 2013)<strong><a href=\"http:\/\/www.sacbee.com\/2013\/08\/15\/5652161\/water-plan-may-shift-delta-tunnels.html\" target=\"_blank\" rel=\"noopener noreferrer\"><br \/>\n<\/a><\/strong><\/p>\n\n\t\t<\/div>\n\t<\/div>\n<\/div><\/div><\/div><\/div>\n<\/div>","protected":false},"excerpt":{"rendered":"Alerts NEW THREAT TO OUR CRANES Water Tunnels through Staten Island Here is a brief article from International Crane Foundation web site describing their relationship to the tunnel project at Staten Island:\u00a0http:\/\/www.savingcranes.org\/whats-new\/2013\/09\/icf-research-informs-water-development-in-california\/ Background Information on the Water Tunnels and Our Cranes: \"New water tunnel route sets up conservation battle over Delta island\" (published in the [...]","protected":false},"author":1,"featured_media":0,"parent":2,"menu_order":3,"comment_status":"closed","ping_status":"closed","template":"","meta":{"footnotes":""},"class_list":["post-748","page","type-page","status-publish","hentry","clearfix"],"yoast_head":"<!-- This site is optimized with the Yoast SEO plugin v27.6 - https:\/\/yoast.com\/product\/yoast-seo-wordpress\/ -->\n<title>Alerts - SOS Cranes<\/title>\n<meta name=\"robots\" content=\"index, follow, max-snippet:-1, max-image-preview:large, max-video-preview:-1\" \/>\n<link rel=\"canonical\" href=\"https:\/\/soscranes.org\/es\/about-us\/alerts\/\" \/>\n<meta property=\"og:locale\" content=\"es_MX\" \/>\n<meta property=\"og:type\" content=\"article\" \/>\n<meta property=\"og:title\" content=\"Alerts - SOS Cranes\" \/>\n<meta property=\"og:url\" content=\"https:\/\/soscranes.org\/es\/about-us\/alerts\/\" \/>\n<meta property=\"og:site_name\" content=\"SOS Cranes\" \/>\n<meta property=\"article:publisher\" content=\"https:\/\/www.facebook.com\/soscranes\/\" \/>\n<meta property=\"article:modified_time\" content=\"2025-04-25T22:31:26+00:00\" \/>\n<meta name=\"twitter:card\" content=\"summary_large_image\" \/>\n<meta name=\"twitter:label1\" content=\"Tiempo de lectura\" \/>\n\t<meta name=\"twitter:data1\" content=\"1 minuto\" \/>\n<script type=\"application\/ld+json\" class=\"yoast-schema-graph\">{\"@context\":\"https:\\\/\\\/schema.org\",\"@graph\":[{\"@type\":\"WebPage\",\"@id\":\"https:\\\/\\\/soscranes.org\\\/about-us\\\/alerts\\\/\",\"url\":\"https:\\\/\\\/soscranes.org\\\/about-us\\\/alerts\\\/\",\"name\":\"Alerts - SOS Cranes\",\"isPartOf\":{\"@id\":\"https:\\\/\\\/soscranes.org\\\/#website\"},\"datePublished\":\"2014-11-18T21:49:08+00:00\",\"dateModified\":\"2025-04-25T22:31:26+00:00\",\"breadcrumb\":{\"@id\":\"https:\\\/\\\/soscranes.org\\\/about-us\\\/alerts\\\/#breadcrumb\"},\"inLanguage\":\"es\",\"potentialAction\":[{\"@type\":\"ReadAction\",\"target\":[\"https:\\\/\\\/soscranes.org\\\/about-us\\\/alerts\\\/\"]}]},{\"@type\":\"BreadcrumbList\",\"@id\":\"https:\\\/\\\/soscranes.org\\\/about-us\\\/alerts\\\/#breadcrumb\",\"itemListElement\":[{\"@type\":\"ListItem\",\"position\":1,\"name\":\"Home\",\"item\":\"https:\\\/\\\/soscranes.org\\\/\"},{\"@type\":\"ListItem\",\"position\":2,\"name\":\"About Us\",\"item\":\"https:\\\/\\\/soscranes.org\\\/about-us\\\/\"},{\"@type\":\"ListItem\",\"position\":3,\"name\":\"Alerts\"}]},{\"@type\":\"WebSite\",\"@id\":\"https:\\\/\\\/soscranes.org\\\/#website\",\"url\":\"https:\\\/\\\/soscranes.org\\\/\",\"name\":\"SOS Cranes\",\"description\":\"Save Our Sandhill Cranes\",\"publisher\":{\"@id\":\"https:\\\/\\\/soscranes.org\\\/#organization\"},\"potentialAction\":[{\"@type\":\"SearchAction\",\"target\":{\"@type\":\"EntryPoint\",\"urlTemplate\":\"https:\\\/\\\/soscranes.org\\\/?s={search_term_string}\"},\"query-input\":{\"@type\":\"PropertyValueSpecification\",\"valueRequired\":true,\"valueName\":\"search_term_string\"}}],\"inLanguage\":\"es\"},{\"@type\":\"Organization\",\"@id\":\"https:\\\/\\\/soscranes.org\\\/#organization\",\"name\":\"SOS Cranes\",\"url\":\"https:\\\/\\\/soscranes.org\\\/\",\"logo\":{\"@type\":\"ImageObject\",\"inLanguage\":\"es\",\"@id\":\"https:\\\/\\\/soscranes.org\\\/#\\\/schema\\\/logo\\\/image\\\/\",\"url\":\"https:\\\/\\\/soscranes.org\\\/wp-content\\\/uploads\\\/2014\\\/11\\\/SOS-Cranes-logo.png\",\"contentUrl\":\"https:\\\/\\\/soscranes.org\\\/wp-content\\\/uploads\\\/2014\\\/11\\\/SOS-Cranes-logo.png\",\"width\":138,\"height\":138,\"caption\":\"SOS Cranes\"},\"image\":{\"@id\":\"https:\\\/\\\/soscranes.org\\\/#\\\/schema\\\/logo\\\/image\\\/\"},\"sameAs\":[\"https:\\\/\\\/www.facebook.com\\\/soscranes\\\/\"]}]}<\/script>\n<!-- \/ Yoast SEO plugin. -->","yoast_head_json":{"title":"Alerts - SOS Cranes","robots":{"index":"index","follow":"follow","max-snippet":"max-snippet:-1","max-image-preview":"max-image-preview:large","max-video-preview":"max-video-preview:-1"},"canonical":"https:\/\/soscranes.org\/es\/about-us\/alerts\/","og_locale":"es_MX","og_type":"article","og_title":"Alerts - SOS Cranes","og_url":"https:\/\/soscranes.org\/es\/about-us\/alerts\/","og_site_name":"SOS Cranes","article_publisher":"https:\/\/www.facebook.com\/soscranes\/","article_modified_time":"2025-04-25T22:31:26+00:00","twitter_card":"summary_large_image","twitter_misc":{"Tiempo de lectura":"1 minuto"},"schema":{"@context":"https:\/\/schema.org","@graph":[{"@type":"WebPage","@id":"https:\/\/soscranes.org\/about-us\/alerts\/","url":"https:\/\/soscranes.org\/about-us\/alerts\/","name":"Alerts - SOS Cranes","isPartOf":{"@id":"https:\/\/soscranes.org\/#website"},"datePublished":"2014-11-18T21:49:08+00:00","dateModified":"2025-04-25T22:31:26+00:00","breadcrumb":{"@id":"https:\/\/soscranes.org\/about-us\/alerts\/#breadcrumb"},"inLanguage":"es","potentialAction":[{"@type":"ReadAction","target":["https:\/\/soscranes.org\/about-us\/alerts\/"]}]},{"@type":"BreadcrumbList","@id":"https:\/\/soscranes.org\/about-us\/alerts\/#breadcrumb","itemListElement":[{"@type":"ListItem","position":1,"name":"Home","item":"https:\/\/soscranes.org\/"},{"@type":"ListItem","position":2,"name":"About Us","item":"https:\/\/soscranes.org\/about-us\/"},{"@type":"ListItem","position":3,"name":"Alerts"}]},{"@type":"WebSite","@id":"https:\/\/soscranes.org\/#website","url":"https:\/\/soscranes.org\/","name":"SOS Gr\u00faas","description":"Save Our Sandhill Cranes","publisher":{"@id":"https:\/\/soscranes.org\/#organization"},"potentialAction":[{"@type":"SearchAction","target":{"@type":"EntryPoint","urlTemplate":"https:\/\/soscranes.org\/?s={search_term_string}"},"query-input":{"@type":"PropertyValueSpecification","valueRequired":true,"valueName":"search_term_string"}}],"inLanguage":"es"},{"@type":"Organization","@id":"https:\/\/soscranes.org\/#organization","name":"SOS Gr\u00faas","url":"https:\/\/soscranes.org\/","logo":{"@type":"ImageObject","inLanguage":"es","@id":"https:\/\/soscranes.org\/#\/schema\/logo\/image\/","url":"https:\/\/soscranes.org\/wp-content\/uploads\/2014\/11\/SOS-Cranes-logo.png","contentUrl":"https:\/\/soscranes.org\/wp-content\/uploads\/2014\/11\/SOS-Cranes-logo.png","width":138,"height":138,"caption":"SOS Cranes"},"image":{"@id":"https:\/\/soscranes.org\/#\/schema\/logo\/image\/"},"sameAs":["https:\/\/www.facebook.com\/soscranes\/"]}]}},"_links":{"self":[{"href":"https:\/\/soscranes.org\/es\/wp-json\/wp\/v2\/pages\/748","targetHints":{"allow":["GET"]}}],"collection":[{"href":"https:\/\/soscranes.org\/es\/wp-json\/wp\/v2\/pages"}],"about":[{"href":"https:\/\/soscranes.org\/es\/wp-json\/wp\/v2\/types\/page"}],"author":[{"embeddable":true,"href":"https:\/\/soscranes.org\/es\/wp-json\/wp\/v2\/users\/1"}],"replies":[{"embeddable":true,"href":"https:\/\/soscranes.org\/es\/wp-json\/wp\/v2\/comments?post=748"}],"version-history":[{"count":10,"href":"https:\/\/soscranes.org\/es\/wp-json\/wp\/v2\/pages\/748\/revisions"}],"predecessor-version":[{"id":2533,"href":"https:\/\/soscranes.org\/es\/wp-json\/wp\/v2\/pages\/748\/revisions\/2533"}],"up":[{"embeddable":true,"href":"https:\/\/soscranes.org\/es\/wp-json\/wp\/v2\/pages\/2"}],"wp:attachment":[{"href":"https:\/\/soscranes.org\/es\/wp-json\/wp\/v2\/media?parent=748"}],"curies":[{"name":"wp","href":"https:\/\/api.w.org\/{rel}","templated":true}]}}