{"id":2536,"date":"2014-11-20T04:24:04","date_gmt":"2014-11-20T12:24:04","guid":{"rendered":"https:\/\/soscranes.org\/?page_id=2536"},"modified":"2025-04-25T15:40:22","modified_gmt":"2025-04-25T22:40:22","slug":"sandhill-cranes-2","status":"publish","type":"page","link":"https:\/\/soscranes.org\/es\/sandhill-cranes\/sandhill-cranes-2\/","title":{"rendered":"Sandhill Crane Biolog\u00eda"},"content":{"rendered":"<div class=\"wpb-content-wrapper\"><div class=\"vc_row wpb_row vc_row-fluid\"><div class=\"wpb_column vc_column_container vc_col-sm-12\"><div class=\"vc_column-inner\"><div class=\"wpb_wrapper\"><h1 style=\"color: #B13A4C;text-align: left\" class=\"vc_custom_heading default\">Sandhill Crane Biolog\u00eda<\/h1><div class=\"vc_row wpb_row vc_inner vc_row-fluid\"><div class=\"wpb_column vc_column_container vc_col-sm-12\"><div class=\"vc_column-inner\"><div class=\"wpb_wrapper\">\n\t<div  class=\"wpb_single_image wpb_content_element vc_align_left wpb_content_element\">\n\t\t\n\t\t<figure class=\"wpb_wrapper vc_figure\">\n\t\t\t<div class=\"vc_single_image-wrapper vc_box_shadow_border  vc_box_border_grey\"><img loading=\"lazy\" decoding=\"async\" width=\"2200\" height=\"900\" src=\"https:\/\/soscranes.org\/wp-content\/uploads\/2014\/11\/sandhill-cranes-dawn-stretch.jpg\" class=\"vc_single_image-img attachment-full\" alt=\"\" title=\"grus-gr\u00faas-amanecer-tramo\" srcset=\"https:\/\/soscranes.org\/wp-content\/uploads\/2014\/11\/sandhill-cranes-dawn-stretch.jpg 2200w, https:\/\/soscranes.org\/wp-content\/uploads\/2014\/11\/sandhill-cranes-dawn-stretch-300x122.jpg 300w, https:\/\/soscranes.org\/wp-content\/uploads\/2014\/11\/sandhill-cranes-dawn-stretch-1024x418.jpg 1024w\" sizes=\"auto, (max-width: 2200px) 100vw, 2200px\" \/><\/div>\n\t\t<\/figure>\n\t<\/div>\n<\/div><\/div><\/div><\/div><\/div><\/div><\/div><div class=\"wpb_column vc_column_container vc_col-sm-12\"><div class=\"vc_column-inner\"><div class=\"wpb_wrapper\">\n\t<div class=\"wpb_text_column wpb_content_element\" >\n\t\t<div class=\"wpb_wrapper\">\n\t\t\t<p>(A partir de una publicaci\u00f3n por parte de la <strong>Departamento de California del Pescado y Juego, California Interinstitucional del Grupo de Tareas de la vida Silvestre<\/strong><br \/>\nEscrito por E. Beedy, Revisado por L. Mewaldt, Editado por S. Granholm &amp; R. Duque<\/p>\n<h2>Distribuci\u00f3n, Abundancia y Estacionalidad<\/h2>\n<p>Tanto mayor (<em>Grus canadensis tabida<\/em>) y menor (<em>Grus canadensis, canadensis<\/em>) grulla en California. Hist\u00f3ricamente, G. c. tabida era bastante com\u00fan obtentor en el noreste de la meseta (Grinnell y Miller, 1944). Ahora a reducir en gran medida en los n\u00fameros, y las razas s\u00f3lo en Siskiyou, Modoc y Lassen cos. y en la Sierra por el Valle, Plumas y Sierra cos. (Santiago de 1977, Remsen 1978, McCaskie et al. 1979). En verano, esta carrera se produce en y cerca de prado mojado, lacustres someras, fresca y emergentes de los h\u00e1bitats de humedales. Es inviernos principalmente en el Sacramento y San Joaqu\u00edn valles de Tehama Co. al sur de los Reyes Co. (Grinnell y Miller 1944), donde frecuenta anuales y perennes h\u00e1bitats de praderas h\u00famedas tierras de cultivo con arroz o de rastrojo de ma\u00edz, y abierto, emergente de los humedales. Prefiere relativamente llanuras desarboladas. El migratoria, no anidamiento subespecie G. c. canadensis inviernos en h\u00e1bitats similares en San Joaqu\u00edn y los valles Imperial (Grinnell y Miller 1944), y en menor medida en el Valle de Sacramento. En el sur de California, que se concentra en el Carrizo Llano, San Luis Obispo Co., con peque\u00f1os reba\u00f1os cerca de Brawley, Imperial Co., y Blythe, Riverside Co. (Garrett y Dunn, 1981). Los \u00faltimos 2 reba\u00f1os pueden ser en parte o en gran parte, de G. c. tabida, que anteriormente invernado m\u00e1s com\u00fanmente en el sur de California, pero que ha disminuido considerablemente, all\u00ed y en todo su rango de distribuci\u00f3n. Fuera de las conocidas zonas de invernada, extremadamente raro, excepto que migra en gran parte del interior de California.<\/p>\n<h3>REQUISITOS ESPEC\u00cdFICOS DEL HABITAT<\/h3>\n<p><em><strong>Alimentaci\u00f3n<\/strong><\/em>: Cuando el forraje, prefiere abrir shortgrass llanuras, campos de cereales, y abrir los humedales (Grinnell y Miller, 1944). Sitios h\u00famedos com\u00fanmente utilizados, pero tambi\u00e9n se alimenta de secas llanuras lejos del agua. Se alimenta de pastos, malezas, especialmente los cultivos de cereales (reci\u00e9n plantados o un producto de cosecha); tambi\u00e9n se utiliza mucho la factura de la sonda en el suelo para que las ra\u00edces, tub\u00e9rculos, semillas, granos, las lombrices de tierra e insectos. Presas m\u00e1s grandes, como los ratones, peque\u00f1os p\u00e1jaros, serpientes, ranas y cangrejos de r\u00edo est\u00e1n tomados. Estos son rasgado en pedazos peque\u00f1os antes de ser consumido (Terres de 1980). Frutas y frutos son comidos si est\u00e1 disponible (Eckert y Karalus 1981).<br \/>\nPortada: Dormideros en la noche en reba\u00f1os de pie en campos h\u00famedos o en el agua poco profunda (Terres de 1980). Tambi\u00e9n dormideros en expansivos, pastizales secos, sitios de la isla, y amplia los bancos de arena (Johnsgard 1975a, Eckert y Karalus 1981).<\/p>\n<p><em><strong>Reproducci\u00f3n<\/strong><\/em>: Nidos en remotas partes de extensos humedales (Cogswell 1977), o a veces en shortgrass praderas (Eckert y Karalus 1981). En sitios secos, los nidos son recogi\u00f3-las depresiones forrado con pastos. M\u00e1s com\u00fanmente, los nidos son grandes mont\u00edculos de plantas de humedales, en aguas poco profundas. Natural de mogotes o rata almizclera casas a menudo se utiliza. Ideal sitios se encuentran en peque\u00f1as islas examinados por el alto tules, totora, o arbustos (Harrison, 1978).<\/p>\n<p><em><strong>Agua<\/strong><\/em>: Evita las aguas salinas. Requiere de agua fresca para beber y ba\u00f1arse (Marcot 1979).<\/p>\n<p><em><strong>Patr\u00f3n<\/strong><\/em>: Cuando anidaci\u00f3n, prefiere h\u00e1bitats abiertos con lagos poco profundos y frescos emergente de los humedales. En invierno, tambi\u00e9n habita en pastizales secos y tierras de cultivo, especialmente cerca de los humedales (Grinnell y Miller, 1944). Prefiere los \u00e1rboles h\u00e1bitats donde los depredadores puede ser visto (Cogswell 1977).<\/p>\n<h3>ESPECIE DE HISTORIA DE VIDA<\/h3>\n<p><em><strong>Los Patrones De Actividad<\/strong><\/em>: A lo largo del a\u00f1o, actividad diurna. Dormideros en la noche y vuela a las \u00e1reas de alimentaci\u00f3n de los reba\u00f1os (Terres de 1980). Migra por la noche y el d\u00eda (Eckert y Karalus 1981).<br \/>\nSeasonalMovements\/Migraci\u00f3n: la Reproducci\u00f3n de la poblaci\u00f3n del norte de California pasa hacia el sur a trav\u00e9s del estado en septiembre y octubre, y hacia el norte en Marzo y abril, y muchas personas que pasan el invierno. Viaja en grandes bandadas. La migraci\u00f3n es r\u00e1pida y directa; las moscas de la noche y el d\u00eda, y se detiene s\u00f3lo por periodos cortos para alimentarse y descansar. California de la poblaci\u00f3n reproductora inviernos principalmente en el Valle Central.<\/p>\n<p><em><strong>Rango De Hogar:<\/strong><\/em> En la Florida, Nesbitt (1976) grabado 3 rangos de hogar del 1 de junio al 1 de agosto, con un promedio de 460 hect\u00e1reas (1137 ac); los individuos se traslad\u00f3 a una media de 8,5 km (5,3 mi) por d\u00eda dentro de la casa de gama. Los migrantes, a veces, rango de hasta 8 km (5 millas) al d\u00eda de la percha para alimentarse (Walkinshaw 1973).<\/p>\n<p><strong><em>Territorio<\/em><\/strong>: Se estableci\u00f3 el par puede defender el mismo territorio en a\u00f1os sucesivos, y se puede utilizar el mismo nido (Johnsgard 1975a). En Malheur Refugio en Oregon, Littefield y Ryder (1968), grabado el 8 de territorios promedio de 25 hect\u00e1reas (62 ac) y que van desde 1,2 a 68 hect\u00e1reas (3-168 ac). En Idaho, Drewien (1974), grabado el tama\u00f1o promedio de los 5 territorios de 17 hect\u00e1reas (42 ac). Walkinshaw (1973) datos resumidos en 171 territorios en 4 estados y reportaron promedios en las diferentes regiones de 16, 42, 53, 65 y 85 hect\u00e1reas (40, 103, 132, 161, y 210 ac), con un rango de 3.2 a 194 hect\u00e1reas (8-480 ac).<\/p>\n<p><em><strong>Reproducci\u00f3n<\/strong><\/em>: El cortejo comienza en abril con la elaboraci\u00f3n de baile comportamientos que a menudo incluyen 50-80 personas (Eckert y Karalus 1981). M\u00e1ximo de reproducci\u00f3n de Mayo hasta julio, y de anidaci\u00f3n terminado a finales de agosto. Mon\u00f3gama, y se pueden quedar emparejados de por vida (Johnsgard 1975a). Solitario nester; tama\u00f1o promedio de la nidada 2, rango 1-3 (Harrison, 1978). Solo brooded, con un per\u00edodo de incubaci\u00f3n de alrededor de 30 d\u00edas (Johnsgard 1975a). J\u00f3venes precocial, y los padres suelen separar a las cr\u00edas. Si los pollos son criados juntos, el antagonismo entre ellos puede reducir el \u00e9xito reproductivo a 1 de pollo por a\u00f1o (Johnsgard 1975a). J\u00f3venes volar a alrededor de 70 d\u00edas, pero que se mantienen con los adultos de hasta un a\u00f1o (Harrison, 1978). No de la raza hasta el 4\u00ba a\u00f1o (Johnsgard 1975a).<br \/>\nNicho: Come principalmente de residuos de cereales; tambi\u00e9n muchos insectos y roedores (Eckert y Karalus 1981). Particularmente sensibles a la perturbaci\u00f3n humana cuando de anidaci\u00f3n, especialmente dentro de una milla de distancia de los sitios de anidaci\u00f3n. El pastoreo es perjudicial (Marcot 1979).<\/p>\n\n\t\t<\/div>\n\t<\/div>\n<\/div><\/div><\/div><\/div><div class=\"vc_row wpb_row vc_row-fluid\"><div class=\"wpb_column vc_column_container vc_col-sm-12\"><div class=\"vc_column-inner\"><div class=\"wpb_wrapper\">\n\t<div class=\"wpb_text_column wpb_content_element\" >\n\t\t<div class=\"wpb_wrapper\">\n\t\t\t<h5>Referencias<\/h5>\n<p><em>Departamento de California del Pescado y Juego. 1983. En la encrucijada: Un informe sobre el estado de California en peligro de extinci\u00f3n y raras de peces y vida silvestre. Addenda a la 5\u00aa bienal de la rep. de 1980. Sacramento. 20pp.<\/em><br \/>\n<em>Cogswell, H. L. 1977. Los p\u00e1jaros del agua de California. Univ. California Press, Berkeley. 399pp.<\/em><br \/>\n<em>Dawson, W. L. 1923. Las aves de California. 4 Vols. Sur Moulton Co., San Diego. 2121pp.<\/em><br \/>\n<em>Drewien, R. C. 1974. Ecolog\u00eda de las Monta\u00f1as rocosas mayor grulla. Tel. D. Tesis, Univ. Idaho, Mosc\u00fa. 168pp.<\/em><br \/>\n<em>Eckert, A. W. y K. E. Karalus. 1981. Las aves acu\u00e1ticas de Am\u00e9rica del Norte. Doubleday and Co., Garden City, NY. 252pp.<\/em><br \/>\n<em>Garrett, K. y J. Dunn. 1981. Aves del sur de California. Los \u00c1ngeles De Audubon Soc. 408pp.<\/em><br \/>\n<em>Grinnell, J., y A. H. Miller. 1944. La distribuci\u00f3n de las aves de California. Pac. Costa Avifauna N\u00ba 27. 608pp.<\/em><br \/>\n<em>Harrison, C. 1978. Una gu\u00eda de campo para los nidos, huevos y pichones de p\u00e1jaros de Am\u00e9rica del Norte.<\/em><br \/>\n<em>W. Collins Hijos y Co., Cleveland, OH. 416pp. Harrison, C. J. O., ed. 1978. Aves de las familias del mundo. Harry N. Abrams, Inc., Nueva York. 264pp. James,<\/em><br \/>\n<em>A. H. 1977. Grulla de cr\u00eda en la Sierra Valley, California. Al Oeste De Las Aves 8:159-160.<\/em><br \/>\n<em>Johnsgard, P. A. 1975a. Am\u00e9rica del norte la caza de aves de tierras altas y la costa. Univ. Nebraska Press, Lincoln. 183pp.<\/em><br \/>\n<em>Littlefield, C. D. y R. A. Ryner 1968. Biolog\u00eda reproductiva de la mayor sandhill crane en Malheur Refugio Nacional de vida Silvestre, Oregon. Trans. Al Norte De La Ma\u00f1ana. Wildl. y Nat. Resour. Conf. 33:444-454.<\/em><br \/>\n<em>Marcot, B. G., ed. 1979. California de la vida silvestre\/relaciones de h\u00e1bitat programa: Costa Norte\/Cascadas de la Zona. Vol. II. P\u00e1jaro narrativas. Estados UNIDOS Dep. Agr\u00edcola., Para. Serv., Los Seis R\u00edos Nat. Para., Eureka. 573pp.<\/em><br \/>\n<em>McCaskie, G., P. De Benedictis, R. Erickson, J. Morlan. 1979. Aves del norte de California, con anotaciones de campo de la lista. 2\u00aa ed. Golden Gate De Audubon Soc., Berkeley. 84pp.<\/em><br \/>\n<em>Nesbitt, S. A., 1976. Uso de la radio telemetr\u00eda t\u00e9cnicas en la Florida grulla. La forma de proceder. Inter. Gr\u00faa De Taller 1:299-303.<\/em><br \/>\n<em>Remsen, J. V., Jr., 1978. Especies de aves de inter\u00e9s especial en California. Calif. Dept. de caza y pesca, de Sacramento. Wildl. Administrar. Admin. Rep\u00fablica N\u00ba 78-1. 54pp.<\/em><br \/>\n<em>Terres, J. K. 1980. La Sociedad Audubon de la enciclopedia de las aves de Am\u00e9rica del Norte. A. Knopf, Nueva York. 1100pp.<\/em><br \/>\n<em>Walkinshaw, L. H. 1973. Las gr\u00faas del mundo. Winchester Press, nueva york. 370pp.<\/em><\/p>\n\n\t\t<\/div>\n\t<\/div>\n<div class=\"vc_separator wpb_content_element vc_separator_align_center vc_sep_width_100 vc_sep_pos_align_center vc_separator_no_text vc_sep_color_grey wpb_content_element  wpb_content_element\" ><span class=\"vc_sep_holder vc_sep_holder_l\"><span class=\"vc_sep_line\"><\/span><\/span><span class=\"vc_sep_holder vc_sep_holder_r\"><span class=\"vc_sep_line\"><\/span><\/span>\n<\/div>\n\t<div class=\"wpb_text_column wpb_content_element\" >\n\t\t<div class=\"wpb_wrapper\">\n\t\t\t<p>Historia de la vida de cuentas para las especies en la California H\u00e1bitat de la vida Silvestre de las Relaciones (CWHR) Sistema fueron originalmente publicado en: Zeiner, DC, W. F. Laudenslayer, Jr., K. E. Mayer, M. Blanco, eds. 1988-1990. California de la Fauna silvestre. Vol. I-III. Departamento de California del Pescado y Juego, de Sacramento, California. Las actualizaciones se observ\u00f3 en las cuentas que han sido a\u00f1adidos o modificados desde la publicaci\u00f3n original.<\/p>\n\n\t\t<\/div>\n\t<\/div>\n<\/div><\/div><\/div><\/div>\n<\/div>","protected":false},"excerpt":{"rendered":"Sandhill Crane Biology (From a publication by the California Department of Fish and Game, California Interagency Wildlife Task Group Written by E. Beedy, Reviewed by L. Mewaldt, Edited by S. Granholm &amp; R. Duke Distribution, Abundance, and Seasonality Both greater (Grus canadensis tabida) and lesser (Grus canadensis, canadensis) sandhill cranes occur in California. Historically, G. [...]","protected":false},"author":1,"featured_media":0,"parent":833,"menu_order":1,"comment_status":"closed","ping_status":"closed","template":"","meta":{"footnotes":""},"class_list":["post-2536","page","type-page","status-publish","hentry","clearfix"],"yoast_head":"<!-- This site is optimized with the Yoast SEO plugin v27.6 - https:\/\/yoast.com\/product\/yoast-seo-wordpress\/ -->\n<title>Sandhill Crane Biology - SOS Cranes<\/title>\n<meta name=\"robots\" content=\"index, follow, max-snippet:-1, max-image-preview:large, max-video-preview:-1\" \/>\n<link rel=\"canonical\" href=\"https:\/\/soscranes.org\/es\/sandhill-cranes\/sandhill-cranes-2\/\" \/>\n<meta property=\"og:locale\" content=\"es_MX\" \/>\n<meta property=\"og:type\" content=\"article\" \/>\n<meta property=\"og:title\" content=\"Sandhill Crane Biology - SOS Cranes\" \/>\n<meta property=\"og:url\" content=\"https:\/\/soscranes.org\/es\/sandhill-cranes\/sandhill-cranes-2\/\" \/>\n<meta property=\"og:site_name\" content=\"SOS Cranes\" \/>\n<meta property=\"article:publisher\" content=\"https:\/\/www.facebook.com\/soscranes\/\" \/>\n<meta property=\"article:modified_time\" content=\"2025-04-25T22:40:22+00:00\" \/>\n<meta name=\"twitter:card\" content=\"summary_large_image\" \/>\n<meta name=\"twitter:label1\" content=\"Tiempo de lectura\" \/>\n\t<meta name=\"twitter:data1\" content=\"7 minutos\" \/>\n<script type=\"application\/ld+json\" class=\"yoast-schema-graph\">{\"@context\":\"https:\\\/\\\/schema.org\",\"@graph\":[{\"@type\":\"WebPage\",\"@id\":\"https:\\\/\\\/soscranes.org\\\/sandhill-cranes\\\/sandhill-cranes-2\\\/\",\"url\":\"https:\\\/\\\/soscranes.org\\\/sandhill-cranes\\\/sandhill-cranes-2\\\/\",\"name\":\"Sandhill Crane Biology - SOS Cranes\",\"isPartOf\":{\"@id\":\"https:\\\/\\\/soscranes.org\\\/#website\"},\"datePublished\":\"2014-11-20T12:24:04+00:00\",\"dateModified\":\"2025-04-25T22:40:22+00:00\",\"breadcrumb\":{\"@id\":\"https:\\\/\\\/soscranes.org\\\/sandhill-cranes\\\/sandhill-cranes-2\\\/#breadcrumb\"},\"inLanguage\":\"es\",\"potentialAction\":[{\"@type\":\"ReadAction\",\"target\":[\"https:\\\/\\\/soscranes.org\\\/sandhill-cranes\\\/sandhill-cranes-2\\\/\"]}]},{\"@type\":\"BreadcrumbList\",\"@id\":\"https:\\\/\\\/soscranes.org\\\/sandhill-cranes\\\/sandhill-cranes-2\\\/#breadcrumb\",\"itemListElement\":[{\"@type\":\"ListItem\",\"position\":1,\"name\":\"Home\",\"item\":\"https:\\\/\\\/soscranes.org\\\/\"},{\"@type\":\"ListItem\",\"position\":2,\"name\":\"Sandhill Cranes\",\"item\":\"https:\\\/\\\/soscranes.org\\\/sandhill-cranes\\\/\"},{\"@type\":\"ListItem\",\"position\":3,\"name\":\"Sandhill Crane Biology\"}]},{\"@type\":\"WebSite\",\"@id\":\"https:\\\/\\\/soscranes.org\\\/#website\",\"url\":\"https:\\\/\\\/soscranes.org\\\/\",\"name\":\"SOS Cranes\",\"description\":\"Save Our Sandhill Cranes\",\"publisher\":{\"@id\":\"https:\\\/\\\/soscranes.org\\\/#organization\"},\"potentialAction\":[{\"@type\":\"SearchAction\",\"target\":{\"@type\":\"EntryPoint\",\"urlTemplate\":\"https:\\\/\\\/soscranes.org\\\/?s={search_term_string}\"},\"query-input\":{\"@type\":\"PropertyValueSpecification\",\"valueRequired\":true,\"valueName\":\"search_term_string\"}}],\"inLanguage\":\"es\"},{\"@type\":\"Organization\",\"@id\":\"https:\\\/\\\/soscranes.org\\\/#organization\",\"name\":\"SOS Cranes\",\"url\":\"https:\\\/\\\/soscranes.org\\\/\",\"logo\":{\"@type\":\"ImageObject\",\"inLanguage\":\"es\",\"@id\":\"https:\\\/\\\/soscranes.org\\\/#\\\/schema\\\/logo\\\/image\\\/\",\"url\":\"https:\\\/\\\/soscranes.org\\\/wp-content\\\/uploads\\\/2014\\\/11\\\/SOS-Cranes-logo.png\",\"contentUrl\":\"https:\\\/\\\/soscranes.org\\\/wp-content\\\/uploads\\\/2014\\\/11\\\/SOS-Cranes-logo.png\",\"width\":138,\"height\":138,\"caption\":\"SOS Cranes\"},\"image\":{\"@id\":\"https:\\\/\\\/soscranes.org\\\/#\\\/schema\\\/logo\\\/image\\\/\"},\"sameAs\":[\"https:\\\/\\\/www.facebook.com\\\/soscranes\\\/\"]}]}<\/script>\n<!-- \/ Yoast SEO plugin. -->","yoast_head_json":{"title":"Sandhill Crane Biology - SOS Cranes","robots":{"index":"index","follow":"follow","max-snippet":"max-snippet:-1","max-image-preview":"max-image-preview:large","max-video-preview":"max-video-preview:-1"},"canonical":"https:\/\/soscranes.org\/es\/sandhill-cranes\/sandhill-cranes-2\/","og_locale":"es_MX","og_type":"article","og_title":"Sandhill Crane Biology - SOS Cranes","og_url":"https:\/\/soscranes.org\/es\/sandhill-cranes\/sandhill-cranes-2\/","og_site_name":"SOS Cranes","article_publisher":"https:\/\/www.facebook.com\/soscranes\/","article_modified_time":"2025-04-25T22:40:22+00:00","twitter_card":"summary_large_image","twitter_misc":{"Tiempo de lectura":"7 minutos"},"schema":{"@context":"https:\/\/schema.org","@graph":[{"@type":"WebPage","@id":"https:\/\/soscranes.org\/sandhill-cranes\/sandhill-cranes-2\/","url":"https:\/\/soscranes.org\/sandhill-cranes\/sandhill-cranes-2\/","name":"Sandhill Crane Biology - SOS Cranes","isPartOf":{"@id":"https:\/\/soscranes.org\/#website"},"datePublished":"2014-11-20T12:24:04+00:00","dateModified":"2025-04-25T22:40:22+00:00","breadcrumb":{"@id":"https:\/\/soscranes.org\/sandhill-cranes\/sandhill-cranes-2\/#breadcrumb"},"inLanguage":"es","potentialAction":[{"@type":"ReadAction","target":["https:\/\/soscranes.org\/sandhill-cranes\/sandhill-cranes-2\/"]}]},{"@type":"BreadcrumbList","@id":"https:\/\/soscranes.org\/sandhill-cranes\/sandhill-cranes-2\/#breadcrumb","itemListElement":[{"@type":"ListItem","position":1,"name":"Home","item":"https:\/\/soscranes.org\/"},{"@type":"ListItem","position":2,"name":"Sandhill Cranes","item":"https:\/\/soscranes.org\/sandhill-cranes\/"},{"@type":"ListItem","position":3,"name":"Sandhill Crane Biology"}]},{"@type":"WebSite","@id":"https:\/\/soscranes.org\/#website","url":"https:\/\/soscranes.org\/","name":"SOS Gr\u00faas","description":"Save Our Sandhill Cranes","publisher":{"@id":"https:\/\/soscranes.org\/#organization"},"potentialAction":[{"@type":"SearchAction","target":{"@type":"EntryPoint","urlTemplate":"https:\/\/soscranes.org\/?s={search_term_string}"},"query-input":{"@type":"PropertyValueSpecification","valueRequired":true,"valueName":"search_term_string"}}],"inLanguage":"es"},{"@type":"Organization","@id":"https:\/\/soscranes.org\/#organization","name":"SOS Gr\u00faas","url":"https:\/\/soscranes.org\/","logo":{"@type":"ImageObject","inLanguage":"es","@id":"https:\/\/soscranes.org\/#\/schema\/logo\/image\/","url":"https:\/\/soscranes.org\/wp-content\/uploads\/2014\/11\/SOS-Cranes-logo.png","contentUrl":"https:\/\/soscranes.org\/wp-content\/uploads\/2014\/11\/SOS-Cranes-logo.png","width":138,"height":138,"caption":"SOS Cranes"},"image":{"@id":"https:\/\/soscranes.org\/#\/schema\/logo\/image\/"},"sameAs":["https:\/\/www.facebook.com\/soscranes\/"]}]}},"_links":{"self":[{"href":"https:\/\/soscranes.org\/es\/wp-json\/wp\/v2\/pages\/2536","targetHints":{"allow":["GET"]}}],"collection":[{"href":"https:\/\/soscranes.org\/es\/wp-json\/wp\/v2\/pages"}],"about":[{"href":"https:\/\/soscranes.org\/es\/wp-json\/wp\/v2\/types\/page"}],"author":[{"embeddable":true,"href":"https:\/\/soscranes.org\/es\/wp-json\/wp\/v2\/users\/1"}],"replies":[{"embeddable":true,"href":"https:\/\/soscranes.org\/es\/wp-json\/wp\/v2\/comments?post=2536"}],"version-history":[{"count":3,"href":"https:\/\/soscranes.org\/es\/wp-json\/wp\/v2\/pages\/2536\/revisions"}],"predecessor-version":[{"id":2544,"href":"https:\/\/soscranes.org\/es\/wp-json\/wp\/v2\/pages\/2536\/revisions\/2544"}],"up":[{"embeddable":true,"href":"https:\/\/soscranes.org\/es\/wp-json\/wp\/v2\/pages\/833"}],"wp:attachment":[{"href":"https:\/\/soscranes.org\/es\/wp-json\/wp\/v2\/media?parent=2536"}],"curies":[{"name":"wp","href":"https:\/\/api.w.org\/{rel}","templated":true}]}}